{"id":244,"date":"2023-11-14T23:24:38","date_gmt":"2023-11-14T22:24:38","guid":{"rendered":"https:\/\/www.greennovit.fr\/?page_id=244"},"modified":"2025-12-10T23:07:15","modified_gmt":"2025-12-10T22:07:15","slug":"alors-et-qui-on-est","status":"publish","type":"page","link":"https:\/\/www.greennovit.fr\/index.php\/qui-sommes-nous\/alors-et-qui-on-est\/","title":{"rendered":"Qui sommes nous ?"},"content":{"rendered":"\n<p class=\"has-text-align-left has-palette-color-6-color has-text-color has-link-color has-medium-font-size wp-elements-db73a6886e2bd5467c47a0ebe5025553\">Depuis plus de dix ans, l\u2019id\u00e9e de b\u00e2tir une structure capable d\u2019apporter un <strong>accompagnement IT exemplaire<\/strong> a progressivement pris forme. <\/p>\n\n\n\n<p class=\"has-text-align-left has-palette-color-6-color has-text-color has-link-color has-medium-font-size wp-elements-5157f06a66097eba632ce8eaa2d6998e\">Greennov-IT est n\u00e9e de cette ambition : r\u00e9unir des expertises op\u00e9rationnelles, des comp\u00e9tences techniques \u00e9prouv\u00e9es et une exp\u00e9rience terrain forg\u00e9e au fil de projets critiques, pour offrir aux organisations une <strong>direction informatique pragmatique, fiable et orient\u00e9e r\u00e9sultats<\/strong>.<\/p>\n\n\n\n<p class=\"has-palette-color-6-color has-text-color has-link-color has-medium-font-size wp-elements-fcbaa009c17068477259821b9f3da646\">Notre approche repose sur trois engagements essentiels : <\/p>\n\n\n\n<p class=\"has-text-align-center has-palette-color-9-color has-text-color has-link-color has-large-font-size wp-elements-0ee81311f5b7be223b630b7e867c01c8\"><strong>R\u00e9activit\u00e9, Transparence, Expertise<\/strong><\/p>\n\n\n\n<p class=\"has-palette-color-6-color has-text-color has-link-color has-medium-font-size wp-elements-54e7cc568eb4e0d4581f260f44d4971d\">Nous accompagnons les entreprises \u00e0 travers un mod\u00e8le de <strong>responsable informatique \/ DSI externalis\u00e9<\/strong>, permettant de structurer, moderniser et s\u00e9curiser leur syst\u00e8me d\u2019information sans alourdir leur organisation.<br>Cet accompagnement couvre aussi bien la gestion quotidienne que le pilotage strat\u00e9gique :<\/p>\n\n\n\n<ul class=\"wp-block-list has-palette-color-6-color has-text-color has-link-color has-medium-font-size wp-elements-80ba71d52dcf17a6e1d879a1497185a2\">\n<li>gouvernance Microsoft 365 et cybers\u00e9curit\u00e9,<\/li>\n\n\n\n<li>migration d\u2019infrastructures (cloud, M365, stockage),<\/li>\n\n\n\n<li>d\u00e9ploiement d\u2019outils collaboratifs et structuration documentaire,<\/li>\n\n\n\n<li>pilotage d\u2019incidents majeurs et reprise d\u2019activit\u00e9,<\/li>\n\n\n\n<li>mise en conformit\u00e9 (processus internes, s\u00e9curit\u00e9, gestion des identit\u00e9s),<\/li>\n\n\n\n<li>urbanisation du SI et rationalisation des outils existants,<\/li>\n\n\n\n<li>accompagnement au changement et mont\u00e9e en maturit\u00e9 des \u00e9quipes.<\/li>\n<\/ul>\n\n\n\n<p class=\"has-palette-color-6-color has-text-color has-link-color has-medium-font-size wp-elements-db363b74c3671302e3c2a8bc46e7e3f8\">Nous assurons \u00e9galement une <strong>assistance technique rapide<\/strong>, accessible via t\u00e9l\u00e9maintenance ou par t\u00e9l\u00e9phone, garantissant une continuit\u00e9 d\u2019activit\u00e9 optimale. <\/p>\n\n\n\n<p class=\"has-palette-color-6-color has-text-color has-link-color has-medium-font-size wp-elements-3f04e6e91183cb5dcb968ad1419778a1\">Nos interventions ciblent les enjeux fondamentaux des PME : <strong>disponibilit\u00e9 des services, s\u00e9curit\u00e9 des donn\u00e9es, p\u00e9rennit\u00e9 de l\u2019infrastructure, optimisation des co\u00fbts<\/strong> et accompagnement des \u00e9quipes au quotidien.<\/p>\n\n\n\n<p class=\"has-palette-color-6-color has-text-color has-link-color has-medium-font-size wp-elements-2ddc8530b58b8ccdecf15d4d644cac27\">Notre objectif est simple : proposer un <strong>service IT d\u2019excellence<\/strong>, stable, lisible et tourn\u00e9 vers l\u2019avenir, en cr\u00e9ant une relation durable fond\u00e9e sur la confiance et la performance. <\/p>\n\n\n\n<p class=\"has-palette-color-6-color has-text-color has-link-color has-medium-font-size wp-elements-a3527748e21e1abbe40be89373d6aa91\">Nous privil\u00e9gions les solutions <strong>simples, robustes et rapidement op\u00e9rationnelles<\/strong>, offrant un retour sur investissement mesurable et une nette am\u00e9lioration de la productivit\u00e9 interne.<\/p>\n\n\n\n<p class=\"has-text-align-left has-palette-color-6-color has-text-color has-link-color has-medium-font-size wp-elements-2a019704bdc2a96099db03c0ca86a78f\">Greennov-IT, c\u2019est la promesse d\u2019un <strong>partenaire IT engag\u00e9<\/strong>, capable de vous accompagner dans la transformation de votre syst\u00e8me d\u2019information comme dans sa gestion quotidienne.<\/p>\n\n\n\n<p class=\"has-text-align-left has-palette-color-6-color has-text-color has-link-color has-medium-font-size wp-elements-dd152009420db3122cbeffe0c8be35cf\"><\/p>\n\n\n\n<p class=\"has-palette-color-6-color has-text-color has-link-color has-medium-font-size wp-elements-cb12d8cb77f277a04eadd1cbb3f8f065\"><\/p>\n\n\n\n<div class=\"wp-block-buttons is-content-justification-center is-layout-flex wp-container-core-buttons-is-layout-a89b3969 wp-block-buttons-is-layout-flex\">\n<div class=\"wp-block-button has-custom-width wp-block-button__width-100 is-style-fill\"><a class=\"wp-block-button__link has-palette-color-6-color has-text-color has-background has-link-color has-medium-font-size has-custom-font-size wp-element-button\" href=\"https:\/\/www.greennovit.fr\/index.php\/contactez-nous\/\" style=\"border-top-left-radius:10px;border-top-right-radius:10px;border-bottom-left-radius:10px;border-bottom-right-radius:10px;background:radial-gradient(#473B7B 0%,#3584A7 51%,#30D2BE 100%);padding-top:var(--wp--preset--spacing--40);padding-right:var(--wp--preset--spacing--40);padding-bottom:var(--wp--preset--spacing--40);padding-left:var(--wp--preset--spacing--40)\"><strong>Fiabilisez votre IT et gagnez en performance.<\/strong><\/a><\/div>\n<\/div>\n","protected":false},"excerpt":{"rendered":"<p>Depuis plus de dix ans, l\u2019id\u00e9e de b\u00e2tir une structure capable d\u2019apporter un accompagnement IT exemplaire a progressivement pris forme. Greennov-IT est n\u00e9e de cette ambition : r\u00e9unir des expertises op\u00e9rationnelles, des comp\u00e9tences techniques \u00e9prouv\u00e9es et une exp\u00e9rience terrain forg\u00e9e au fil de projets critiques, pour offrir aux organisations une direction informatique pragmatique, fiable et [&hellip;]<\/p>\n","protected":false},"author":1,"featured_media":0,"parent":32,"menu_order":0,"comment_status":"closed","ping_status":"closed","template":"","meta":{"footnotes":""},"class_list":["post-244","page","type-page","status-publish","hentry"],"blocksy_meta":[],"_links":{"self":[{"href":"https:\/\/www.greennovit.fr\/index.php\/wp-json\/wp\/v2\/pages\/244","targetHints":{"allow":["GET"]}}],"collection":[{"href":"https:\/\/www.greennovit.fr\/index.php\/wp-json\/wp\/v2\/pages"}],"about":[{"href":"https:\/\/www.greennovit.fr\/index.php\/wp-json\/wp\/v2\/types\/page"}],"author":[{"embeddable":true,"href":"https:\/\/www.greennovit.fr\/index.php\/wp-json\/wp\/v2\/users\/1"}],"replies":[{"embeddable":true,"href":"https:\/\/www.greennovit.fr\/index.php\/wp-json\/wp\/v2\/comments?post=244"}],"version-history":[{"count":7,"href":"https:\/\/www.greennovit.fr\/index.php\/wp-json\/wp\/v2\/pages\/244\/revisions"}],"predecessor-version":[{"id":736,"href":"https:\/\/www.greennovit.fr\/index.php\/wp-json\/wp\/v2\/pages\/244\/revisions\/736"}],"up":[{"embeddable":true,"href":"https:\/\/www.greennovit.fr\/index.php\/wp-json\/wp\/v2\/pages\/32"}],"wp:attachment":[{"href":"https:\/\/www.greennovit.fr\/index.php\/wp-json\/wp\/v2\/media?parent=244"}],"curies":[{"name":"wp","href":"https:\/\/api.w.org\/{rel}","templated":true}]}}