{"id":344,"date":"2023-12-08T22:32:31","date_gmt":"2023-12-08T21:32:31","guid":{"rendered":"https:\/\/www.greennovit.fr\/?page_id=344"},"modified":"2024-01-16T23:29:41","modified_gmt":"2024-01-16T22:29:41","slug":"beneficiez-dune-assistance-technique-reactive-et-a-proximite","status":"publish","type":"page","link":"https:\/\/www.greennovit.fr\/index.php\/beneficiez-dune-assistance-technique-reactive-et-a-proximite\/","title":{"rendered":"Services aux entreprises"},"content":{"rendered":"\n<h2 class=\"wp-block-heading has-text-align-left has-palette-color-7-color has-text-color has-link-color wp-elements-df6fe5aabc8048873ee1d34c95dd7d2f\"><strong>Mister-IT vous garantit une&nbsp;assistance technique r\u00e9active et de proximit\u00e9&nbsp;pour vous accompagner au quotidien<\/strong><\/h2>\n\n\n\n<div class=\"wp-block-media-text is-stacked-on-mobile\" style=\"grid-template-columns:43% auto\"><figure class=\"wp-block-media-text__media\"><img loading=\"lazy\" decoding=\"async\" width=\"852\" height=\"875\" src=\"https:\/\/www.greennovit.fr\/wp-content\/uploads\/2023\/12\/Capture.jpg\" alt=\"\" class=\"wp-image-345 size-full\" srcset=\"https:\/\/www.greennovit.fr\/wp-content\/uploads\/2023\/12\/Capture.jpg 852w, https:\/\/www.greennovit.fr\/wp-content\/uploads\/2023\/12\/Capture-600x616.jpg 600w, https:\/\/www.greennovit.fr\/wp-content\/uploads\/2023\/12\/Capture-292x300.jpg 292w, https:\/\/www.greennovit.fr\/wp-content\/uploads\/2023\/12\/Capture-768x789.jpg 768w\" sizes=\"auto, (max-width: 852px) 100vw, 852px\" \/><\/figure><div class=\"wp-block-media-text__content\">\n<p class=\"has-palette-color-7-color has-text-color has-link-color wp-elements-4eaf38d64ef0fa33c43405d55c3289aa\"><strong>Mister-IT vous fournit un service d\u2019assistance technique et d\u2019administration \u00e0 distance complet<\/strong>. Depuis nos bureaux \u00e0 Meaux nos techniciens sont&nbsp;<strong>capables d\u2019intervenir dans des d\u00e9lais tr\u00e8s rapides en <\/strong>Ile-De-France&nbsp;pour r\u00e9soudre rapidement les probl\u00e8mes informatiques qui p\u00e9nalisent le bon fonctionnement de votre entreprise. Nous intervenons&nbsp;dans toute L&rsquo;Ile-De-France.<\/p>\n<\/div><\/div>\n\n\n\n<h2 class=\"wp-block-heading has-palette-color-7-color has-text-color has-link-color wp-elements-3d791c26af98ee4593d92293e19e53bb\"><strong>Nos 3 engagements&nbsp;pour votre satisfaction<\/strong><\/h2>\n\n\n\n<p class=\"has-palette-color-7-color has-text-color has-link-color wp-elements-bc39856823321afd61793cff31f25b39\">Vous pouvez compl\u00e9ter votre contrat d\u2019assistance par&nbsp;la mise \u00e0 disposition d\u2019un responsable informatique \u00e0 temps partag\u00e9. Nos techniciens experts de leurs domaines interviennent \u00e0 fr\u00e9quence r\u00e9guli\u00e8re dans vos locaux en fonction de vos besoins pour que vos collaborateurs se concentrent sur leur activit\u00e9 principale sans se soucier du bon fonctionnement des outils informatiques.&nbsp;<strong>Le responsable informatique \u00e0 temps partag\u00e9 renforce ainsi la relation de confiance que nous instaurons \u00e0 long terme<\/strong>.<\/p>\n\n\n\n<div class=\"wp-block-columns is-layout-flex wp-container-core-columns-is-layout-28f84493 wp-block-columns-is-layout-flex\">\n<div class=\"wp-block-column is-layout-flow wp-block-column-is-layout-flow\">\n<figure class=\"wp-block-image size-full\"><a href=\"https:\/\/www.greennovit.fr\/index.php\/contactez-nous\/\"><img decoding=\"async\" src=\"https:\/\/www.greennovit.fr\/wp-content\/uploads\/2023\/11\/conseils-experts-informatique-1.svg\" alt=\"\" class=\"wp-image-176\"\/><\/a><\/figure>\n<\/div>\n\n\n\n<div class=\"wp-block-column is-layout-flow wp-block-column-is-layout-flow\">\n<figure class=\"wp-block-image size-full\"><a href=\"https:\/\/www.greennovit.fr\/index.php\/contactez-nous\/\"><img decoding=\"async\" src=\"https:\/\/www.greennovit.fr\/wp-content\/uploads\/2023\/11\/expertise-informatique-prestataire-bretagne-1.svg\" alt=\"\" class=\"wp-image-174\"\/><\/a><\/figure>\n<\/div>\n\n\n\n<div class=\"wp-block-column is-layout-flow wp-block-column-is-layout-flow\">\n<figure class=\"wp-block-image size-full\"><a href=\"https:\/\/www.greennovit.fr\/index.php\/contactez-nous\/\"><img decoding=\"async\" src=\"https:\/\/www.greennovit.fr\/wp-content\/uploads\/2023\/11\/garantie-fonctionnement-informatique.svg\" alt=\"\" class=\"wp-image-82\"\/><\/a><\/figure>\n<\/div>\n<\/div>\n\n\n\n<div class=\"wp-block-columns is-layout-flex wp-container-core-columns-is-layout-28f84493 wp-block-columns-is-layout-flex\">\n<div class=\"wp-block-column is-layout-flow wp-block-column-is-layout-flow\">\n<h3 class=\"wp-block-heading has-text-align-center has-palette-color-7-color has-text-color has-link-color wp-elements-548ae1d8577b8dc220dfbcf598a544e7\">R\u00c9ACTIVIT\u00c9<\/h3>\n<\/div>\n\n\n\n<div class=\"wp-block-column is-layout-flow wp-block-column-is-layout-flow\">\n<h3 class=\"wp-block-heading has-text-align-center has-palette-color-7-color has-text-color has-link-color wp-elements-cad5cf809ccb0f9b0b65f708ae745266\">EXPERTISE<\/h3>\n<\/div>\n\n\n\n<div class=\"wp-block-column is-layout-flow wp-block-column-is-layout-flow\">\n<h3 class=\"wp-block-heading has-text-align-center has-palette-color-7-color has-text-color has-link-color wp-elements-0792c9b45806d517da2e1a191a0fea83\">R\u00c9SULTAT<\/h3>\n<\/div>\n<\/div>\n\n\n\n<div class=\"wp-block-columns is-layout-flex wp-container-core-columns-is-layout-28f84493 wp-block-columns-is-layout-flex\">\n<div class=\"wp-block-column is-layout-flow wp-block-column-is-layout-flow\">\n<p class=\"has-text-align-center has-palette-color-7-color has-text-color has-link-color wp-elements-00132e84c56c034bfd5c60ae445bbdd4\">Nous intervenons rapidement en cas de probl\u00e8me informatique pour apporter les r\u00e9ponses \u00e0 vos utilisateurs et vous \u00e9viter des pertes de temps.<\/p>\n<\/div>\n\n\n\n<div class=\"wp-block-column is-layout-flow wp-block-column-is-layout-flow\">\n<p class=\"has-text-align-center has-palette-color-7-color has-text-color has-link-color wp-elements-4c8ce0ba2eb8af51b0e31b192e528a8f\">Notre \u00e9quipe d\u2019experts dispose des bonnes comp\u00e9tences et certifications sur toutes les technologies utilis\u00e9es dans les PME. Cela vous garantit de toujours b\u00e9n\u00e9ficier des bons conseils.<\/p>\n<\/div>\n\n\n\n<div class=\"wp-block-column is-layout-flow wp-block-column-is-layout-flow\">\n<p class=\"has-text-align-center has-palette-color-7-color has-text-color has-link-color wp-elements-42cc7e2805556e777144e90424fb97fd\">Souscrire \u00e0 nos contrats d\u2019assistance technique ou d\u2019administration \u00e0 distance, c\u2019est b\u00e9n\u00e9ficier d\u2019un engagement de r\u00e9sultat pour vos d\u00e9pannages informatiques.<\/p>\n<\/div>\n<\/div>\n\n\n\n<h2 class=\"wp-block-heading has-palette-color-7-color has-text-color has-link-color wp-elements-9b4769ac6851307c419df5be2adae761\"><strong>Contrat d\u2019assistance et de support technique<\/strong><\/h2>\n\n\n\n<p class=\"has-palette-color-7-color has-text-color has-link-color wp-elements-5eeaf985c96bd8a064a829f07c3f8002\">Les probl\u00e8mes informatiques courants peuvent affecter la productivit\u00e9 de votre entreprise, g\u00e9n\u00e9rant du temps perdu et de la frustration chez vos utilisateurs. R\u00e9soudre ces probl\u00e8mes, li\u00e9s aux postes de travail, imprimantes, acc\u00e8s r\u00e9seau, etc., n&rsquo;est pas compliqu\u00e9 avec la bonne expertise. Un contrat d&rsquo;assistance technique peut am\u00e9liorer la satisfaction des utilisateurs et v\u00e9ritablement renforcer la productivit\u00e9 de vos \u00e9quipes.<\/p>\n\n\n\n<div class=\"wp-block-columns is-layout-flex wp-container-core-columns-is-layout-28f84493 wp-block-columns-is-layout-flex\">\n<div class=\"wp-block-column is-layout-flow wp-block-column-is-layout-flow\">\n<figure class=\"wp-block-image size-full\"><a href=\"https:\/\/www.greennovit.fr\/index.php\/contactez-nous\/\"><img decoding=\"async\" src=\"https:\/\/www.greennovit.fr\/wp-content\/uploads\/2023\/12\/assistance-informatique-telephonique.svg\" alt=\"\" class=\"wp-image-352\"\/><\/a><\/figure>\n<\/div>\n\n\n\n<div class=\"wp-block-column is-layout-flow wp-block-column-is-layout-flow\">\n<figure class=\"wp-block-image size-full\"><a href=\"https:\/\/www.greennovit.fr\/index.php\/contactez-nous\/\"><img decoding=\"async\" src=\"https:\/\/www.greennovit.fr\/wp-content\/uploads\/2023\/12\/teleassistance-informatique.svg\" alt=\"\" class=\"wp-image-351\"\/><\/a><\/figure>\n<\/div>\n\n\n\n<div class=\"wp-block-column is-layout-flow wp-block-column-is-layout-flow\">\n<figure class=\"wp-block-image size-full\"><a href=\"https:\/\/www.greennovit.fr\/index.php\/contactez-nous\/\"><img decoding=\"async\" src=\"https:\/\/www.greennovit.fr\/wp-content\/uploads\/2023\/12\/deplacement-assistance-informatique-sur-site.svg\" alt=\"\" class=\"wp-image-350\"\/><\/a><\/figure>\n<\/div>\n<\/div>\n\n\n\n<div class=\"wp-block-columns is-layout-flex wp-container-core-columns-is-layout-28f84493 wp-block-columns-is-layout-flex\">\n<div class=\"wp-block-column is-vertically-aligned-top is-layout-flow wp-block-column-is-layout-flow\">\n<h3 class=\"wp-block-heading has-text-align-center has-palette-color-7-color has-text-color has-link-color wp-elements-8fbb90cbf55b91a1dbd0ca9695196332\">T\u00c9L\u00c9PHONE<\/h3>\n<\/div>\n\n\n\n<div class=\"wp-block-column is-vertically-aligned-top is-layout-flow wp-block-column-is-layout-flow\">\n<h3 class=\"wp-block-heading has-text-align-center has-palette-color-7-color has-text-color has-link-color wp-elements-454eef3380c93521b82f7b3d2d9c45e4\" style=\"margin-top:0;margin-right:0;margin-bottom:0;margin-left:0\">PRISE EN MAIN A DISTANCE<\/h3>\n<\/div>\n\n\n\n<div class=\"wp-block-column is-vertically-aligned-top is-layout-flow wp-block-column-is-layout-flow\">\n<h3 class=\"wp-block-heading has-text-align-center has-palette-color-7-color has-text-color has-link-color wp-elements-c91548af5b46b03a8e315206cd24c237\" style=\"margin-right:0;margin-left:0\">SUR SITE<\/h3>\n<\/div>\n<\/div>\n\n\n\n<div class=\"wp-block-columns is-layout-flex wp-container-core-columns-is-layout-28f84493 wp-block-columns-is-layout-flex\">\n<div class=\"wp-block-column is-layout-flow wp-block-column-is-layout-flow\">\n<p class=\"has-text-align-center has-palette-color-7-color has-text-color has-link-color wp-elements-227bdbd1425db7504d9504ad035708bb\">Lorsque vous d\u00e9clarez l\u2019incident, nous cherchons d\u2019abord \u00e0 le r\u00e9soudre par t\u00e9l\u00e9phone si cela est possible facilement.<\/p>\n<\/div>\n\n\n\n<div class=\"wp-block-column is-layout-flow wp-block-column-is-layout-flow\">\n<p class=\"has-palette-color-7-color has-text-color has-link-color wp-elements-c4d9598f8236a5e0829c1818cbdac71c\">Pour un probl\u00e8me technique, nous effectuons une prise de contr\u00f4le \u00e0 distance sur le poste de travail avec l\u2019utilisateur pour r\u00e9soudre avec lui le probl\u00e8me rencontr\u00e9 et lui expliquer \u00e9ventuellement la bonne mani\u00e8re d\u2019utiliser l\u2019outil.<\/p>\n<\/div>\n\n\n\n<div class=\"wp-block-column is-layout-flow wp-block-column-is-layout-flow\">\n<p class=\"has-palette-color-7-color has-text-color has-link-color wp-elements-3f7f0259366cbe5e12412375f1e968de\">Si le probl\u00e8me ne peut \u00eatre r\u00e9solu \u00e0 distance, nous intervenons rapidement pour ne pas p\u00e9naliser l\u2019utilisateur.<\/p>\n<\/div>\n<\/div>\n\n\n\n<div class=\"wp-block-media-text is-stacked-on-mobile\" style=\"grid-template-columns:34% auto\"><figure class=\"wp-block-media-text__media\"><a href=\"https:\/\/www.greennovit.fr\/index.php\/contactez-nous\/\"><img decoding=\"async\" src=\"https:\/\/www.greennovit.fr\/wp-content\/uploads\/2023\/12\/partenaire-informatique-reactif-bretagne-1.svg\" alt=\"\" class=\"wp-image-349 size-full\"\/><\/a><\/figure><div class=\"wp-block-media-text__content\">\n<p class=\"has-text-align-center has-palette-color-7-color has-text-color has-link-color has-large-font-size wp-elements-8a3ef86af931c7f634f9c419ae60524a\"><strong> De 8h30 \u00e0 18h, du lundi au vendredi toute l\u2019ann\u00e9e (des astreintes suppl\u00e9mentaires sont possibles).<\/strong><\/p>\n<\/div><\/div>\n\n\n\n<h3 class=\"wp-block-heading has-palette-color-7-color has-text-color has-link-color wp-elements-1ea649022a954c862b746d22efb690d7\">Nos d\u00e9lais d\u2019intervention<\/h3>\n\n\n\n<div class=\"wp-block-media-text is-stacked-on-mobile\" style=\"grid-template-columns:37% auto\"><figure class=\"wp-block-media-text__media\"><img loading=\"lazy\" decoding=\"async\" width=\"812\" height=\"948\" src=\"https:\/\/www.greennovit.fr\/wp-content\/uploads\/2023\/12\/Capture2.jpg\" alt=\"\" class=\"wp-image-356 size-full\" srcset=\"https:\/\/www.greennovit.fr\/wp-content\/uploads\/2023\/12\/Capture2.jpg 812w, https:\/\/www.greennovit.fr\/wp-content\/uploads\/2023\/12\/Capture2-600x700.jpg 600w, https:\/\/www.greennovit.fr\/wp-content\/uploads\/2023\/12\/Capture2-257x300.jpg 257w, https:\/\/www.greennovit.fr\/wp-content\/uploads\/2023\/12\/Capture2-768x897.jpg 768w\" sizes=\"auto, (max-width: 812px) 100vw, 812px\" \/><\/figure><div class=\"wp-block-media-text__content\">\n<ul class=\"has-palette-color-7-color has-text-color has-link-color wp-block-list wp-elements-69fcaf44c46f1d8719339074382238c6\">\n<li>Les interventions sur des&nbsp;<strong>missions de longue dur\u00e9e<\/strong>&nbsp;sont planifi\u00e9es sous&nbsp;moins de 15 jours ouvr\u00e9s,<\/li>\n\n\n\n<li>Les interventions sur des&nbsp;<strong>missions de courte dur\u00e9e<\/strong>&nbsp;sont planifi\u00e9es&nbsp;sous 3 jours ouvr\u00e9s,<\/li>\n\n\n\n<li>Les interventions&nbsp;<strong>en cas de panne non bloquante<\/strong>&nbsp;sont r\u00e9alis\u00e9es&nbsp;sous 8H ouvr\u00e9es,<\/li>\n\n\n\n<li>Les interventions&nbsp;<strong>en cas de panne bloquante<\/strong>&nbsp;sont r\u00e9alis\u00e9es&nbsp;sous 3 h ouvr\u00e9es maximum.<\/li>\n<\/ul>\n<\/div><\/div>\n\n\n\n<h3 class=\"wp-block-heading has-palette-color-7-color has-text-color has-link-color wp-elements-e9997ce720e3991906aa82799558cfa7\"><strong>Contrat d\u2019administration \u00e0 distance de votre architecture informatique<\/strong><\/h3>\n\n\n\n<p class=\"has-palette-color-7-color has-text-color has-link-color wp-elements-af48657e160b14b2466a8b1ef3971d7b\">Souscrivez \u00e0 notre contrat d&rsquo;administration \u00e0 distance pour anticiper les pannes mat\u00e9rielles et logicielles. B\u00e9n\u00e9ficiez de la supervision de vos serveurs, d\u00e9tectant les d\u00e9faillances avant qu&rsquo;elles n&rsquo;impactent la productivit\u00e9. Notre \u00e9quipe intervient rapidement pour corriger les probl\u00e8mes, minimisant les perturbations pendant vos heures de travail.<\/p>\n\n\n\n<p class=\"has-palette-color-7-color has-text-color has-link-color wp-elements-0ae1bfe73c06ff8f117ed63d6e8c1695\">Les t\u00e2ches r\u00e9guli\u00e8res suivantes sont incluses dans votre contrat :<\/p>\n\n\n\n<ul class=\"has-palette-color-7-color has-text-color has-link-color wp-block-list wp-elements-d9521cfe7067c2d64002189c2b507abb\">\n<li>Lecture du compte-rendu de sauvegarde (journalier),<\/li>\n\n\n\n<li>Correction du dysfonctionnement de sauvegarde \u00e0 chaque erreur,<\/li>\n\n\n\n<li>Lecture des journaux syst\u00e8mes, anti-virus\u2026 (mensuel),<\/li>\n\n\n\n<li>Nettoyage et mise \u00e0 jour du serveur (trimestrielle),<\/li>\n\n\n\n<li>Ouverture des appels chez les constructeurs pour le d\u00e9clenchement et le suivi d\u2019une intervention.<\/li>\n<\/ul>\n\n\n\n<div class=\"wp-block-buttons is-layout-flex wp-block-buttons-is-layout-flex\">\n<div class=\"wp-block-button has-custom-width wp-block-button__width-100 has-custom-font-size is-style-outline has-large-font-size is-style-outline--1\"><a class=\"wp-block-button__link has-palette-color-6-color has-text-color has-background wp-element-button\" href=\"https:\/\/www.greennovit.fr\/index.php\/contactez-nous\/\" style=\"border-style:none;border-width:0px;border-radius:100px;background:radial-gradient(rgb(71,59,123) 0%,rgb(53,132,167) 51%,rgb(48,210,190) 100%)\">Besoin d&rsquo;une assistance technique ?<\/a><\/div>\n<\/div>\n\n\n\n<p><\/p>\n","protected":false},"excerpt":{"rendered":"<p>Mister-IT vous garantit une&nbsp;assistance technique r\u00e9active et de proximit\u00e9&nbsp;pour vous accompagner au quotidien Mister-IT vous fournit un service d\u2019assistance technique et d\u2019administration \u00e0 distance complet. Depuis nos bureaux \u00e0 Meaux nos techniciens sont&nbsp;capables d\u2019intervenir dans des d\u00e9lais tr\u00e8s rapides en Ile-De-France&nbsp;pour r\u00e9soudre rapidement les probl\u00e8mes informatiques qui p\u00e9nalisent le bon fonctionnement de votre entreprise. Nous [&hellip;]<\/p>\n","protected":false},"author":1,"featured_media":0,"parent":0,"menu_order":0,"comment_status":"closed","ping_status":"closed","template":"","meta":{"footnotes":""},"class_list":["post-344","page","type-page","status-publish","hentry"],"blocksy_meta":[],"_links":{"self":[{"href":"https:\/\/www.greennovit.fr\/index.php\/wp-json\/wp\/v2\/pages\/344","targetHints":{"allow":["GET"]}}],"collection":[{"href":"https:\/\/www.greennovit.fr\/index.php\/wp-json\/wp\/v2\/pages"}],"about":[{"href":"https:\/\/www.greennovit.fr\/index.php\/wp-json\/wp\/v2\/types\/page"}],"author":[{"embeddable":true,"href":"https:\/\/www.greennovit.fr\/index.php\/wp-json\/wp\/v2\/users\/1"}],"replies":[{"embeddable":true,"href":"https:\/\/www.greennovit.fr\/index.php\/wp-json\/wp\/v2\/comments?post=344"}],"version-history":[{"count":5,"href":"https:\/\/www.greennovit.fr\/index.php\/wp-json\/wp\/v2\/pages\/344\/revisions"}],"predecessor-version":[{"id":471,"href":"https:\/\/www.greennovit.fr\/index.php\/wp-json\/wp\/v2\/pages\/344\/revisions\/471"}],"wp:attachment":[{"href":"https:\/\/www.greennovit.fr\/index.php\/wp-json\/wp\/v2\/media?parent=344"}],"curies":[{"name":"wp","href":"https:\/\/api.w.org\/{rel}","templated":true}]}}