{"id":420,"date":"2023-12-19T13:56:24","date_gmt":"2023-12-19T12:56:24","guid":{"rendered":"https:\/\/www.greennovit.fr\/?page_id=420"},"modified":"2026-01-23T13:12:15","modified_gmt":"2026-01-23T12:12:15","slug":"service-aux-particuliers","status":"publish","type":"page","link":"https:\/\/www.greennovit.fr\/index.php\/service-aux-particuliers\/","title":{"rendered":"Services aux particuliers"},"content":{"rendered":"\n<p class=\"has-palette-color-7-color has-text-color has-link-color has-medium-font-size wp-elements-43947491246f28a1cb7a997971c5c47c\">Nous installons, pour vous, votre nouveau PC, votre box internet, votre imprimante, votre disque dur, votre serveur\u2026<br>Chaque installation est sp\u00e9cifique et certains pr\u00e9requis doivent \u00eatre r\u00e9spect\u00e9s.<\/p>\n\n\n\n<p class=\"has-palette-color-7-color has-text-color has-link-color has-medium-font-size wp-elements-66cea70db6d39b1349e3bf8650e46a90\">Si vous souhaitez apprendre ou \u00eatre \u00e9pauler nous pourrons le faire pour vous mais tout en vous expliquant pour que vous puissiez reproduire la d\u00e9marche.<\/p>\n\n\n\n<h2 class=\"wp-block-heading has-palette-color-7-color has-text-color has-link-color wp-elements-7e4d983dce47a55fbf7eeb82cccae29e\">Nos prestations : <\/h2>\n\n\n\n<div class=\"wp-block-media-text is-stacked-on-mobile\" style=\"grid-template-columns:30% auto\"><figure class=\"wp-block-media-text__media\"><img decoding=\"async\" src=\"https:\/\/www.greennovit.fr\/wp-content\/uploads\/2023\/12\/assistance-informatique-telephonique.svg\" alt=\"\" class=\"wp-image-352 size-full\"\/><\/figure><div class=\"wp-block-media-text__content\">\n<h4 class=\"wp-block-heading has-palette-color-7-color has-text-color has-link-color wp-elements-e598b6d6c824d6e17c87461c77980a43\">Assistance<\/h4>\n\n\n\n<p class=\"has-palette-color-7-color has-text-color has-link-color has-medium-font-size wp-elements-18e989b31ec775bf73ec833b41af4b29\">Une petite question ? un blocage ? une interrogation ? D\u00e9couvrez nos formules d\u2019assistance informatique et lib\u00e9rez vous de ces fardeaux<\/p>\n<\/div><\/div>\n\n\n\n<div class=\"wp-block-media-text has-media-on-the-right is-stacked-on-mobile\" style=\"grid-template-columns:auto 30%\"><div class=\"wp-block-media-text__content\">\n<h4 class=\"wp-block-heading has-palette-color-7-color has-text-color has-link-color wp-elements-8115174ca6b9b579a3e229cbee83b772\">Installation<\/h4>\n\n\n\n<p class=\"has-palette-color-7-color has-text-color has-link-color has-medium-font-size wp-elements-f464f10360785b769feb4b5dbd8cf671\">Logiciel ou mat\u00e9riel, nous vous aidons dans l\u2019installation de vos \u00e9quipements. Ne perdez plus votre temps \u00e0 chercher comment faire<\/p>\n<\/div><figure class=\"wp-block-media-text__media\"><img decoding=\"async\" src=\"https:\/\/www.greennovit.fr\/wp-content\/uploads\/2023\/11\/renouveler-son-infrastructure.svg\" alt=\"\" class=\"wp-image-177 size-full\"\/><\/figure><\/div>\n\n\n\n<div class=\"wp-block-media-text is-stacked-on-mobile\" style=\"grid-template-columns:30% auto\"><figure class=\"wp-block-media-text__media\"><img decoding=\"async\" src=\"https:\/\/www.greennovit.fr\/wp-content\/uploads\/2023\/11\/societe-responsable.svg\" alt=\"\" class=\"wp-image-93 size-full\"\/><\/figure><div class=\"wp-block-media-text__content\">\n<h4 class=\"wp-block-heading has-palette-color-7-color has-text-color has-link-color wp-elements-f60e10b87484ce17a157ea5220512113\">R\u00e9paration mat\u00e9riel<\/h4>\n\n\n\n<p class=\"has-palette-color-7-color has-text-color has-link-color has-medium-font-size wp-elements-fda709ed5c51152865a2bc8ca7edc2d0\">Faites r\u00e9parer votre ordinateur portable ou votre tour, c\u2019est bien moins co\u00fbteux que de racheter, et la plan\u00e8te vous remerciera<\/p>\n<\/div><\/div>\n\n\n\n<div class=\"wp-block-media-text has-media-on-the-right is-stacked-on-mobile\" style=\"grid-template-columns:auto 30%\"><div class=\"wp-block-media-text__content\">\n<h4 class=\"wp-block-heading has-palette-color-7-color has-text-color has-link-color wp-elements-4bcc5b46a043ea3d6ac1f241a7ccb30b\">Assemblage d&rsquo;ordinateur<\/h4>\n\n\n\n<p class=\"has-palette-color-7-color has-text-color has-link-color has-medium-font-size wp-elements-88a35ee0d1e13f084e3fe4db216ea5c5\">Assemblage d\u2019ordinateurs toutes gammes, bureautique, gamer, professionnel\u2026 Demandez votre configuration<\/p>\n<\/div><figure class=\"wp-block-media-text__media\"><img decoding=\"async\" src=\"https:\/\/www.greennovit.fr\/wp-content\/uploads\/2023\/11\/expertise-informatique-prestataire-bretagne-1.svg\" alt=\"\" class=\"wp-image-174 size-full\"\/><\/figure><\/div>\n\n\n\n<div class=\"wp-block-media-text is-stacked-on-mobile\" style=\"grid-template-columns:30% auto\"><figure class=\"wp-block-media-text__media\"><img decoding=\"async\" src=\"https:\/\/www.greennovit.fr\/wp-content\/uploads\/2023\/11\/transparence-informatique-expert-bretagne-1.svg\" alt=\"\" class=\"wp-image-96 size-full\"\/><\/figure><div class=\"wp-block-media-text__content\">\n<h4 class=\"wp-block-heading has-palette-color-7-color has-text-color has-link-color wp-elements-50d13509ba23b4139032d84d4d31f3f0\">Formation<\/h4>\n\n\n\n<p class=\"has-palette-color-7-color has-text-color has-link-color has-medium-font-size wp-elements-caf8495683242133c2e42c140cf3192d\">Si les difficult\u00e9s informatiques prennent le dessus, participez \u00e0 nos formations pour vous \u00e9clairer et devenir autonome<\/p>\n<\/div><\/div>\n\n\n\n<div class=\"wp-block-media-text has-media-on-the-right is-stacked-on-mobile\" style=\"grid-template-columns:auto 30%\"><div class=\"wp-block-media-text__content\">\n<h4 class=\"wp-block-heading has-palette-color-7-color has-text-color has-link-color wp-elements-eaf03a6a2da4ff85be1ff3b6704c69fb\">Atelier, \u00e0 distance, chez vous<\/h4>\n\n\n\n<p class=\"has-palette-color-7-color has-text-color has-link-color has-medium-font-size wp-elements-115a6c21951db25888a49441ceff29e4\">Nous intervenons \u00e0 l\u2019atelier, \u00e0 distance ou chez vous et au bureau selon le type de panne pour vous aider<\/p>\n<\/div><figure class=\"wp-block-media-text__media\"><img decoding=\"async\" src=\"https:\/\/www.greennovit.fr\/wp-content\/uploads\/2023\/11\/plan-reprise-activite.svg\" alt=\"\" class=\"wp-image-87 size-full\"\/><\/figure><\/div>\n\n\n\n<div class=\"wp-block-buttons is-content-justification-center is-layout-flex wp-container-core-buttons-is-layout-a89b3969 wp-block-buttons-is-layout-flex\">\n<div class=\"wp-block-button has-custom-width wp-block-button__width-100 is-style-outline is-style-outline--1\"><a class=\"wp-block-button__link has-palette-color-6-color has-text-color has-background has-medium-font-size has-text-align-center has-custom-font-size wp-element-button\" href=\"mailto:contact@greennov-it.fr\" style=\"border-style:none;border-width:0px;border-radius:100px;background:radial-gradient(rgb(71,59,123) 0%,rgb(53,132,167) 51%,rgb(48,210,190) 100%);padding-top:0;padding-right:0;padding-bottom:0;padding-left:0\">Besoin d&rsquo;aide ? Cliquez ici ou appelez-nous au 06.25.65.16.15<\/a><\/div>\n<\/div>\n\n\n\n<p><\/p>\n","protected":false},"excerpt":{"rendered":"<p>Nous installons, pour vous, votre nouveau PC, votre box internet, votre imprimante, votre disque dur, votre serveur\u2026Chaque installation est sp\u00e9cifique et certains pr\u00e9requis doivent \u00eatre r\u00e9spect\u00e9s. Si vous souhaitez apprendre ou \u00eatre \u00e9pauler nous pourrons le faire pour vous mais tout en vous expliquant pour que vous puissiez reproduire la d\u00e9marche. Nos prestations : Assistance [&hellip;]<\/p>\n","protected":false},"author":1,"featured_media":0,"parent":0,"menu_order":0,"comment_status":"closed","ping_status":"closed","template":"","meta":{"footnotes":""},"class_list":["post-420","page","type-page","status-publish","hentry"],"blocksy_meta":[],"_links":{"self":[{"href":"https:\/\/www.greennovit.fr\/index.php\/wp-json\/wp\/v2\/pages\/420","targetHints":{"allow":["GET"]}}],"collection":[{"href":"https:\/\/www.greennovit.fr\/index.php\/wp-json\/wp\/v2\/pages"}],"about":[{"href":"https:\/\/www.greennovit.fr\/index.php\/wp-json\/wp\/v2\/types\/page"}],"author":[{"embeddable":true,"href":"https:\/\/www.greennovit.fr\/index.php\/wp-json\/wp\/v2\/users\/1"}],"replies":[{"embeddable":true,"href":"https:\/\/www.greennovit.fr\/index.php\/wp-json\/wp\/v2\/comments?post=420"}],"version-history":[{"count":5,"href":"https:\/\/www.greennovit.fr\/index.php\/wp-json\/wp\/v2\/pages\/420\/revisions"}],"predecessor-version":[{"id":768,"href":"https:\/\/www.greennovit.fr\/index.php\/wp-json\/wp\/v2\/pages\/420\/revisions\/768"}],"wp:attachment":[{"href":"https:\/\/www.greennovit.fr\/index.php\/wp-json\/wp\/v2\/media?parent=420"}],"curies":[{"name":"wp","href":"https:\/\/api.w.org\/{rel}","templated":true}]}}