{"id":472,"date":"2024-01-16T23:40:08","date_gmt":"2024-01-16T22:40:08","guid":{"rendered":"https:\/\/www.greennovit.fr\/?page_id=472"},"modified":"2026-02-04T21:16:18","modified_gmt":"2026-02-04T20:16:18","slug":"freelancing","status":"publish","type":"page","link":"https:\/\/www.greennovit.fr\/index.php\/1-0\/freelancing\/","title":{"rendered":"Services de Freelance"},"content":{"rendered":"\n<div class=\"wp-block-media-text is-stacked-on-mobile\" style=\"grid-template-columns:39% auto\"><figure class=\"wp-block-media-text__media\"><img loading=\"lazy\" decoding=\"async\" width=\"1024\" height=\"839\" src=\"https:\/\/www.greennovit.fr\/wp-content\/uploads\/2024\/01\/019A9688-16-1024x839.jpg\" alt=\"\" class=\"wp-image-473 size-full\" srcset=\"https:\/\/www.greennovit.fr\/wp-content\/uploads\/2024\/01\/019A9688-16-1024x839.jpg 1024w, https:\/\/www.greennovit.fr\/wp-content\/uploads\/2024\/01\/019A9688-16-300x246.jpg 300w, https:\/\/www.greennovit.fr\/wp-content\/uploads\/2024\/01\/019A9688-16-768x629.jpg 768w, https:\/\/www.greennovit.fr\/wp-content\/uploads\/2024\/01\/019A9688-16-1536x1258.jpg 1536w, https:\/\/www.greennovit.fr\/wp-content\/uploads\/2024\/01\/019A9688-16-2048x1677.jpg 2048w\" sizes=\"auto, (max-width: 1024px) 100vw, 1024px\" \/><\/figure><div class=\"wp-block-media-text__content\">\n<p class=\"has-palette-color-7-color has-text-color has-link-color wp-elements-3ed261bd840fca75bd2ce65234160ece\">J\u2019accompagne les entreprises dans la <strong>structuration, la s\u00e9curisation et la gouvernance de leur syst\u00e8me d\u2019information<\/strong>, avec une approche pragmatique, orient\u00e9e risques, usages et d\u00e9cisions.<\/p>\n<\/div><\/div>\n\n\n\n<p class=\"has-palette-color-7-color has-text-color has-link-color wp-elements-ef52be2d86982e29497b98eb498117e7\">En tant que <strong>consultant IT freelance senior<\/strong>, j\u2019interviens aupr\u00e8s de directions g\u00e9n\u00e9rales et d\u2019\u00e9quipes m\u00e9tiers qui recherchent un <strong>interlocuteur exp\u00e9riment\u00e9<\/strong>, capable de prendre du recul, de cadrer les sujets complexes et de piloter les enjeux IT dans la dur\u00e9e.<\/p>\n\n\n\n<h3 class=\"wp-block-heading\">Un r\u00f4le de partenaire, pas de simple prestataire<\/h3>\n\n\n\n<p class=\"has-palette-color-7-color has-text-color has-link-color wp-elements-20112918c481814e233fff1d025e14c0\">Mon positionnement repose sur une double comp\u00e9tence : <strong>expertise technique approfondie<\/strong> et <strong>compr\u00e9hension des enjeux organisationnels<\/strong>.<\/p>\n\n\n\n<p class=\"has-palette-color-7-color has-text-color has-link-color wp-elements-b53dbe785f42a1eec5759f1eda9341f3\">J\u2019interviens notamment sur :<\/p>\n\n\n\n<ul class=\"wp-block-list\">\n<li class=\"has-palette-color-7-color has-text-color has-link-color wp-elements-d77505a3d475b6411e948f6446e5e583\">la gouvernance et l\u2019optimisation des environnements Microsoft 365,<\/li>\n\n\n\n<li class=\"has-palette-color-7-color has-text-color has-link-color wp-elements-4ec34fb8cb0b020f60a62b3dce726556\">la structuration de SharePoint et des usages collaboratifs,<\/li>\n\n\n\n<li class=\"has-palette-color-7-color has-text-color has-link-color wp-elements-80a20f8062c6781f27375d23291eef2c\">la s\u00e9curit\u00e9 des postes, des acc\u00e8s et des donn\u00e9es,<\/li>\n\n\n\n<li class=\"has-palette-color-7-color has-text-color has-link-color wp-elements-272bfd377f8afde37b5a68480314c89a\">les strat\u00e9gies de sauvegarde et de continuit\u00e9 d\u2019activit\u00e9,<\/li>\n\n\n\n<li class=\"has-palette-color-7-color has-text-color has-link-color wp-elements-e93abe2c89213b154ded1b1c54011d36\">l\u2019accompagnement des directions dans un r\u00f4le de <strong>DSI externalis\u00e9<\/strong>.<\/li>\n<\/ul>\n\n\n\n<p class=\"has-palette-color-7-color has-text-color has-link-color wp-elements-e289d428eb006b82204b5c93e93c1e99\">Chaque mission vise un objectif clair : <strong>r\u00e9duire le risque, am\u00e9liorer la lisibilit\u00e9 et s\u00e9curiser les d\u00e9cisions IT<\/strong>.<\/p>\n\n\n\n<h3 class=\"wp-block-heading\">Ce que mes clients attendent \u2013 et obtiennent<\/h3>\n\n\n\n<ul class=\"wp-block-list has-palette-color-7-color has-text-color has-link-color wp-elements-1f026a70e3b7eb7d2ea79a9670dfda29\">\n<li><strong>Une vision senior et structurante<\/strong><br>Capacit\u00e9 \u00e0 auditer l\u2019existant, identifier les points de friction et proposer des arbitrages clairs.<\/li>\n\n\n\n<li><strong>Un discours compr\u00e9hensible par la direction<\/strong><br>Traduction des enjeux techniques en impacts m\u00e9tiers, financiers et r\u00e9glementaires.<\/li>\n\n\n\n<li><strong>Des d\u00e9cisions assum\u00e9es et document\u00e9es<\/strong><br>Recommandations argument\u00e9es, tra\u00e7ables et d\u00e9fendables dans le temps.<\/li>\n\n\n\n<li><strong>Une relation directe et responsable<\/strong><br>Un interlocuteur unique, impliqu\u00e9, sans dilution ni sous-traitance.<\/li>\n<\/ul>\n\n\n\n<h3 class=\"wp-block-heading\">Modalit\u00e9s d\u2019intervention<\/h3>\n\n\n\n<p class=\"has-palette-color-7-color has-text-color has-link-color wp-elements-3ee1308d08e7ec496d9682a23cb52be7\">J\u2019interviens :<\/p>\n\n\n\n<ul class=\"wp-block-list\">\n<li class=\"has-palette-color-7-color has-text-color has-link-color wp-elements-5ede54acca73287ce350e3af49678882\">en mission ponctuelle (audit, cadrage, s\u00e9curisation),<\/li>\n\n\n\n<li class=\"has-palette-color-7-color has-text-color has-link-color wp-elements-69f614b9f96ffd5d758565d4d02c8061\">en accompagnement r\u00e9current,<\/li>\n\n\n\n<li class=\"has-palette-color-7-color has-text-color has-link-color wp-elements-2415a5bd1648f47307a2155fe2cb6865\">ou en <strong>DSI externalis\u00e9<\/strong>, \u00e0 temps partiel ou en renfort strat\u00e9gique.<\/li>\n<\/ul>\n\n\n\n<p class=\"has-palette-color-7-color has-text-color has-link-color wp-elements-5ae671037e75efa13bf2d8138635e4d0\">Les modalit\u00e9s sont d\u00e9finies en fonction de votre contexte, de vos priorit\u00e9s et de votre niveau de maturit\u00e9 IT.<\/p>\n\n\n\n<h3 class=\"wp-block-heading\">\u00c9changeons en toute transparence<\/h3>\n\n\n\n<p class=\"has-palette-color-7-color has-text-color has-link-color wp-elements-f6010d57652e666d5bb500bdfa8ec3b6\">Si vous recherchez un <strong>profil freelance senior<\/strong>, capable de prendre en charge des sujets IT sensibles avec m\u00e9thode, recul et responsabilit\u00e9, je vous propose un premier \u00e9change pour qualifier vos enjeux et d\u00e9finir un cadre d\u2019intervention adapt\u00e9.<\/p>\n\n\n\n<!-- D\u00e9but de widget en ligne Calendly -->\n<div class=\"calendly-inline-widget\" data-url=\"https:\/\/calendly.com\/julien-champion-greennov-it\/nouvelle-reunion?hide_event_type_details=1&#038;hide_gdpr_banner=1\" style=\"min-width:320px;height:700px;\"><\/div>\n<script type=\"text\/javascript\" src=\"https:\/\/assets.calendly.com\/assets\/external\/widget.js\" async><\/script>\n<!-- Fin de widget en ligne Calendly -->\n\n\n\n<p><\/p>\n","protected":false},"excerpt":{"rendered":"<p>J\u2019accompagne les entreprises dans la structuration, la s\u00e9curisation et la gouvernance de leur syst\u00e8me d\u2019information, avec une approche pragmatique, orient\u00e9e risques, usages et d\u00e9cisions. En tant que consultant IT freelance senior, j\u2019interviens aupr\u00e8s de directions g\u00e9n\u00e9rales et d\u2019\u00e9quipes m\u00e9tiers qui recherchent un interlocuteur exp\u00e9riment\u00e9, capable de prendre du recul, de cadrer les sujets complexes et [&hellip;]<\/p>\n","protected":false},"author":1,"featured_media":0,"parent":36,"menu_order":0,"comment_status":"closed","ping_status":"closed","template":"","meta":{"footnotes":""},"class_list":["post-472","page","type-page","status-publish","hentry"],"blocksy_meta":[],"_links":{"self":[{"href":"https:\/\/www.greennovit.fr\/index.php\/wp-json\/wp\/v2\/pages\/472","targetHints":{"allow":["GET"]}}],"collection":[{"href":"https:\/\/www.greennovit.fr\/index.php\/wp-json\/wp\/v2\/pages"}],"about":[{"href":"https:\/\/www.greennovit.fr\/index.php\/wp-json\/wp\/v2\/types\/page"}],"author":[{"embeddable":true,"href":"https:\/\/www.greennovit.fr\/index.php\/wp-json\/wp\/v2\/users\/1"}],"replies":[{"embeddable":true,"href":"https:\/\/www.greennovit.fr\/index.php\/wp-json\/wp\/v2\/comments?post=472"}],"version-history":[{"count":6,"href":"https:\/\/www.greennovit.fr\/index.php\/wp-json\/wp\/v2\/pages\/472\/revisions"}],"predecessor-version":[{"id":800,"href":"https:\/\/www.greennovit.fr\/index.php\/wp-json\/wp\/v2\/pages\/472\/revisions\/800"}],"up":[{"embeddable":true,"href":"https:\/\/www.greennovit.fr\/index.php\/wp-json\/wp\/v2\/pages\/36"}],"wp:attachment":[{"href":"https:\/\/www.greennovit.fr\/index.php\/wp-json\/wp\/v2\/media?parent=472"}],"curies":[{"name":"wp","href":"https:\/\/api.w.org\/{rel}","templated":true}]}}