{"id":605,"date":"2025-12-08T20:56:30","date_gmt":"2025-12-08T19:56:30","guid":{"rendered":"https:\/\/www.greennovit.fr\/?page_id=605"},"modified":"2026-01-23T12:48:58","modified_gmt":"2026-01-23T11:48:58","slug":"gouvernance-microsoft-365-modern-workplace","status":"publish","type":"page","link":"https:\/\/www.greennovit.fr\/index.php\/gouvernance-microsoft-365-modern-workplace\/","title":{"rendered":"Gouvernance Microsoft 365 &amp; Modern Workplace"},"content":{"rendered":"\n<h3 class=\"wp-block-heading has-palette-color-7-color has-text-color has-link-color wp-elements-4c91fd0b9ab0d68311959c893a2484b7\">Greennov-IT accompagne les entreprises dans la structuration, la s\u00e9curisation et l\u2019optimisation de leur environnement Microsoft 365. Notre approche garantit un usage efficace, conforme et s\u00e9curis\u00e9 des outils collaboratifs.<\/h3>\n\n\n\n<h2 class=\"wp-block-heading\"><strong>1. Structuration documentaire<\/strong><\/h2>\n\n\n\n<h4 class=\"wp-block-heading has-palette-color-7-color has-text-color has-link-color wp-elements-8e26f8f4900f2998a0a43f003b997f66\"><strong>Mettre de l\u2019ordre dans l\u2019information<\/strong><\/h4>\n\n\n\n<figure class=\"wp-block-image alignright size-large is-resized\"><img loading=\"lazy\" decoding=\"async\" width=\"1024\" height=\"957\" src=\"https:\/\/www.greennovit.fr\/wp-content\/uploads\/2025\/12\/Capture-decran-2025-12-08-204721-1024x957.png\" alt=\"\" class=\"wp-image-662\" style=\"aspect-ratio:1.0700193941015181;width:278px;height:auto\" srcset=\"https:\/\/www.greennovit.fr\/wp-content\/uploads\/2025\/12\/Capture-decran-2025-12-08-204721-1024x957.png 1024w, https:\/\/www.greennovit.fr\/wp-content\/uploads\/2025\/12\/Capture-decran-2025-12-08-204721-300x280.png 300w, https:\/\/www.greennovit.fr\/wp-content\/uploads\/2025\/12\/Capture-decran-2025-12-08-204721-768x717.png 768w, https:\/\/www.greennovit.fr\/wp-content\/uploads\/2025\/12\/Capture-decran-2025-12-08-204721.png 1153w\" sizes=\"auto, (max-width: 1024px) 100vw, 1024px\" \/><\/figure>\n\n\n\n<ul class=\"wp-block-list\">\n<li class=\"has-palette-color-7-color has-text-color has-link-color wp-elements-6a082a65b1eafce467b1ba1ce4704f96\">Architecture SharePoint<\/li>\n\n\n\n<li class=\"has-palette-color-7-color has-text-color has-link-color wp-elements-4ef6373beb80031e88f0492a046f3522\">Espaces projet et \u00e9quipes<\/li>\n\n\n\n<li class=\"has-palette-color-7-color has-text-color has-link-color wp-elements-44230c140da4e8d6f311bd839442618e\">Gestion des droits d\u2019acc\u00e8s<\/li>\n\n\n\n<li class=\"has-palette-color-7-color has-text-color has-link-color wp-elements-d307d9272c7d240af59631e45d23783d\">Normalisation des biblioth\u00e8ques<\/li>\n\n\n\n<li class=\"has-palette-color-7-color has-text-color has-link-color wp-elements-61323a15f0e6d40a2eb6a3b6a99ee7ae\">Archivage et cycles de vie documentaires<\/li>\n<\/ul>\n\n\n\n<hr class=\"wp-block-separator has-alpha-channel-opacity\"\/>\n\n\n\n<p class=\"has-palette-color-7-color has-text-color has-link-color wp-elements-601722f39e23488fb1975c39f0b55007\"><strong>Objectif : fin des doublons, meilleure recherche d\u2019information, logique structuro-m\u00e9tier.<\/strong><\/p>\n\n\n\n<h2 class=\"wp-block-heading\"><strong>2. S\u00e9curisation Microsoft 365<\/strong><\/h2>\n\n\n\n<h4 class=\"wp-block-heading has-palette-color-7-color has-text-color has-link-color wp-elements-b00e0486d3eafda27072d54ebef469a9\"><strong>Un environnement prot\u00e9g\u00e9 et conforme<\/strong><\/h4>\n\n\n\n<ul class=\"wp-block-list\">\n<li class=\"has-palette-color-7-color has-text-color has-link-color wp-elements-8a1d90d9f845b56e102ba690b2fc6ab1\">MFA obligatoire<\/li>\n\n\n\n<li class=\"has-palette-color-7-color has-text-color has-link-color wp-elements-c532020d0b0cb4371914dadda61ae6cd\">Intune pour la conformit\u00e9 des appareils<\/li>\n\n\n\n<li class=\"has-palette-color-7-color has-text-color has-link-color wp-elements-145fa978cae66eb1a37946f476ae825c\">Protection des comptes (Conditional Access)<\/li>\n\n\n\n<li class=\"has-palette-color-7-color has-text-color has-link-color wp-elements-6abe0eeb4e1876bae38485adfb4c78e3\">Politiques de s\u00e9curit\u00e9 et restrictions d\u2019usage<\/li>\n\n\n\n<li class=\"has-palette-color-7-color has-text-color has-link-color wp-elements-5a9456611e851fd08bfb4996e0c78c6f\">Journaux d\u2019audit et gestion des r\u00f4les<\/li>\n<\/ul>\n\n\n\n<figure class=\"wp-block-image aligncenter size-full is-resized\"><img loading=\"lazy\" decoding=\"async\" width=\"884\" height=\"359\" src=\"https:\/\/www.greennovit.fr\/wp-content\/uploads\/2025\/12\/conditional-access-overview-how-it-works.png\" alt=\"\" class=\"wp-image-664\" style=\"aspect-ratio:2.4624785182356312;width:735px;height:auto\" srcset=\"https:\/\/www.greennovit.fr\/wp-content\/uploads\/2025\/12\/conditional-access-overview-how-it-works.png 884w, https:\/\/www.greennovit.fr\/wp-content\/uploads\/2025\/12\/conditional-access-overview-how-it-works-300x122.png 300w, https:\/\/www.greennovit.fr\/wp-content\/uploads\/2025\/12\/conditional-access-overview-how-it-works-768x312.png 768w\" sizes=\"auto, (max-width: 884px) 100vw, 884px\" \/><\/figure>\n\n\n\n<p class=\"has-palette-color-7-color has-text-color has-link-color wp-elements-dd6324a5e85e4a5cffa712d64218830b\"><strong>Impact : r\u00e9duction drastique des risques cyber internes et externes.<\/strong><\/p>\n\n\n\n<h3 class=\"wp-block-heading\">3. <strong>Faire de Microsoft 365 un vrai levier de productivit\u00e9<\/strong><\/h3>\n\n\n\n<h4 class=\"wp-block-heading has-palette-color-7-color has-text-color has-link-color wp-elements-a7d1945f65fbb2dd950e0529a95a7dd6\"><strong>Parce que les entreprises n&rsquo;utilisent que 10% des logiciels a leurs port\u00e9es.<\/strong><\/h4>\n\n\n\n<ul class=\"wp-block-list\">\n<li class=\"has-palette-color-7-color has-text-color has-link-color wp-elements-5190b7f99446d21f5f2476b832da173e\">D\u00e9finition des bonnes pratiques<\/li>\n\n\n\n<li class=\"has-palette-color-7-color has-text-color has-link-color wp-elements-20764ad2a4a4968eafdae8abd412c4ae\">Mise en place des \u00e9tiquettes \/ classification Purview<\/li>\n\n\n\n<li class=\"has-palette-color-7-color has-text-color has-link-color wp-elements-476b5f82c18855bef266e7a8dadfd318\">Gestion du cycle de vie des Teams<\/li>\n\n\n\n<li class=\"has-palette-color-7-color has-text-color has-link-color wp-elements-e37767891f5e4c194a29ae2092d0d494\">Strat\u00e9gie de r\u00e9tention et conformit\u00e9<\/li>\n\n\n\n<li class=\"has-palette-color-7-color has-text-color has-link-color wp-elements-273dcff3cab18c96405f55c32a32b7c1\">Nettoyage et optimisation des espaces existants<\/li>\n<\/ul>\n\n\n\n<figure class=\"wp-block-image aligncenter size-large is-resized\"><img loading=\"lazy\" decoding=\"async\" width=\"1024\" height=\"587\" src=\"https:\/\/www.greennovit.fr\/wp-content\/uploads\/2025\/12\/Capture-decran-2025-12-08-204054-1024x587.png\" alt=\"\" class=\"wp-image-663\" style=\"aspect-ratio:1.7445029983645284;width:677px;height:auto\" srcset=\"https:\/\/www.greennovit.fr\/wp-content\/uploads\/2025\/12\/Capture-decran-2025-12-08-204054-1024x587.png 1024w, https:\/\/www.greennovit.fr\/wp-content\/uploads\/2025\/12\/Capture-decran-2025-12-08-204054-300x172.png 300w, https:\/\/www.greennovit.fr\/wp-content\/uploads\/2025\/12\/Capture-decran-2025-12-08-204054-768x440.png 768w, https:\/\/www.greennovit.fr\/wp-content\/uploads\/2025\/12\/Capture-decran-2025-12-08-204054.png 1379w\" sizes=\"auto, (max-width: 1024px) 100vw, 1024px\" \/><\/figure>\n\n\n\n<h2 class=\"wp-block-heading\"><strong>4. Accompagnement utilisateurs<\/strong><\/h2>\n\n\n\n<h4 class=\"wp-block-heading has-palette-color-7-color has-text-color has-link-color wp-elements-0b95c5e3f05a6f0cf3a88870b57ad688\">Votre ROI en d\u00e9pendra bien plus que vous ne le croyez. <\/h4>\n\n\n\n<ul class=\"wp-block-list\">\n<li class=\"has-palette-color-7-color has-text-color has-link-color wp-elements-636ba6704034b7485e297fd8bc90e621\">Sessions de formation<\/li>\n\n\n\n<li class=\"has-palette-color-7-color has-text-color has-link-color wp-elements-3aa95bcc6376e8b9c78d370a0af8f528\">Guides d\u2019adoption<\/li>\n\n\n\n<li class=\"has-palette-color-7-color has-text-color has-link-color wp-elements-2c9fd2e0bd6ba124d44193d49d97a0c7\">Onboarding des nouveaux collaborateurs<\/li>\n\n\n\n<li class=\"has-palette-color-7-color has-text-color has-link-color wp-elements-78751e3736e23c04da697aa937e8374c\">Assistance d\u00e9di\u00e9e tenant Microsoft 365<\/li>\n<\/ul>\n\n\n\n<h2 class=\"wp-block-heading\"><strong>5. M\u00e9thodologie Greennov-IT<\/strong><\/h2>\n\n\n\n<h4 class=\"wp-block-heading has-palette-color-7-color has-text-color has-link-color wp-elements-ede03d5b71358e2ddd83e00f5ae0e86b\"> Ce qui est cr\u00e9\u00e9 pour vous reste avec vous.<\/h4>\n\n\n\n<ol class=\"wp-block-list\">\n<li class=\"has-palette-color-7-color has-text-color has-link-color wp-elements-93726fa39190ef57c2e3dbf17822551f\">Audit documentaire et s\u00e9curit\u00e9<\/li>\n\n\n\n<li class=\"has-palette-color-7-color has-text-color has-link-color wp-elements-13f389813210c2bd64761ac4fe4200dd\">Refonte ou optimisation de la structure<\/li>\n\n\n\n<li class=\"has-palette-color-7-color has-text-color has-link-color wp-elements-5c71c7eab3802b44c53653080077b01d\">D\u00e9ploiement des politiques de gouvernance<\/li>\n\n\n\n<li class=\"has-palette-color-7-color has-text-color has-link-color wp-elements-d9f730f2b9f305bbf9799e731aed9079\">Formations &amp; accompagnement<\/li>\n\n\n\n<li class=\"has-palette-color-7-color has-text-color has-link-color wp-elements-5d4649507060f8a5c375d690e40bb97e\">Pilotage continu si souhait\u00e9<\/li>\n<\/ol>\n\n\n\n<h2 class=\"wp-block-heading\"><strong>6. B\u00e9n\u00e9fices<\/strong><\/h2>\n\n\n\n<h4 class=\"wp-block-heading has-palette-color-7-color has-text-color has-link-color wp-elements-2d5f5d56e79ccf3bb9a0d20d5a4f7271\">Vous pourrez ainsi vous dire merci.<\/h4>\n\n\n\n<ul class=\"wp-block-list\">\n<li class=\"has-palette-color-7-color has-text-color has-link-color wp-elements-f5dde1dbfe8c0287c77b25fa7c90466d\">Collaboration fluide et structur\u00e9e<\/li>\n\n\n\n<li class=\"has-palette-color-7-color has-text-color has-link-color wp-elements-c6276f34bb55900741ea2b83f3392b08\">Diminution des silos internes<\/li>\n\n\n\n<li class=\"has-palette-color-7-color has-text-color has-link-color wp-elements-8eed3818bf80ded605f49cf65828d538\">S\u00e9curit\u00e9 renforc\u00e9e<\/li>\n\n\n\n<li class=\"has-palette-color-7-color has-text-color has-link-color wp-elements-72825961aa0ca94e557db4f9da4e25e7\">Conformit\u00e9 documentaire<\/li>\n\n\n\n<li class=\"has-palette-color-7-color has-text-color has-link-color wp-elements-4e488fb0cfc78b2f99ef03a981615713\">Adoption des outils facilit\u00e9e<\/li>\n<\/ul>\n\n\n\n<hr class=\"wp-block-separator has-alpha-channel-opacity\"\/>\n\n\n\n<div class=\"wp-block-buttons alignwide is-content-justification-center is-layout-flex wp-container-core-buttons-is-layout-a89b3969 wp-block-buttons-is-layout-flex\">\n<div class=\"wp-block-button\"><a class=\"wp-block-button__link has-palette-color-7-color has-text-color has-background has-link-color wp-element-button\" href=\"https:\/\/form.typeform.com\/to\/uC7zZCLx\" style=\"border-top-left-radius:97px;border-top-right-radius:97px;border-bottom-left-radius:97px;border-bottom-right-radius:97px;background:radial-gradient(rgb(71,59,123) 0%,rgb(53,132,167) 51%,rgb(48,210,190) 99%);padding-right:var(--wp--preset--spacing--50);padding-left:var(--wp--preset--spacing--50)\">Optimiser votre environnement Microsoft 365<\/a><\/div>\n<\/div>\n\n\n\n<p><\/p>\n","protected":false},"excerpt":{"rendered":"<p>Greennov-IT accompagne les entreprises dans la structuration, la s\u00e9curisation et l\u2019optimisation de leur environnement Microsoft 365. Notre approche garantit un usage efficace, conforme et s\u00e9curis\u00e9 des outils collaboratifs. 1. Structuration documentaire Mettre de l\u2019ordre dans l\u2019information Objectif : fin des doublons, meilleure recherche d\u2019information, logique structuro-m\u00e9tier. 2. S\u00e9curisation Microsoft 365 Un environnement prot\u00e9g\u00e9 et conforme [&hellip;]<\/p>\n","protected":false},"author":1,"featured_media":0,"parent":0,"menu_order":0,"comment_status":"closed","ping_status":"closed","template":"","meta":{"footnotes":""},"class_list":["post-605","page","type-page","status-publish","hentry"],"blocksy_meta":[],"_links":{"self":[{"href":"https:\/\/www.greennovit.fr\/index.php\/wp-json\/wp\/v2\/pages\/605","targetHints":{"allow":["GET"]}}],"collection":[{"href":"https:\/\/www.greennovit.fr\/index.php\/wp-json\/wp\/v2\/pages"}],"about":[{"href":"https:\/\/www.greennovit.fr\/index.php\/wp-json\/wp\/v2\/types\/page"}],"author":[{"embeddable":true,"href":"https:\/\/www.greennovit.fr\/index.php\/wp-json\/wp\/v2\/users\/1"}],"replies":[{"embeddable":true,"href":"https:\/\/www.greennovit.fr\/index.php\/wp-json\/wp\/v2\/comments?post=605"}],"version-history":[{"count":6,"href":"https:\/\/www.greennovit.fr\/index.php\/wp-json\/wp\/v2\/pages\/605\/revisions"}],"predecessor-version":[{"id":762,"href":"https:\/\/www.greennovit.fr\/index.php\/wp-json\/wp\/v2\/pages\/605\/revisions\/762"}],"wp:attachment":[{"href":"https:\/\/www.greennovit.fr\/index.php\/wp-json\/wp\/v2\/media?parent=605"}],"curies":[{"name":"wp","href":"https:\/\/api.w.org\/{rel}","templated":true}]}}