{"id":608,"date":"2025-12-10T19:24:20","date_gmt":"2025-12-10T18:24:20","guid":{"rendered":"https:\/\/www.greennovit.fr\/?page_id=608"},"modified":"2026-01-23T12:54:59","modified_gmt":"2026-01-23T11:54:59","slug":"cybersecurite-strategie-de-sauvegarde","status":"publish","type":"page","link":"https:\/\/www.greennovit.fr\/index.php\/cybersecurite-strategie-de-sauvegarde\/","title":{"rendered":"Cybers\u00e9curit\u00e9 &amp; Strat\u00e9gie de Sauvegarde"},"content":{"rendered":"\n<h3 class=\"wp-block-heading has-palette-color-7-color has-text-color has-link-color wp-elements-0bdb94b76956244750bc3c19e557870a\">Greennov-IT d\u00e9ploie des solutions de s\u00e9curit\u00e9 robustes et une strat\u00e9gie de sauvegarde hybride garantissant la protection et la continuit\u00e9 d\u2019activit\u00e9 de votre entreprise.<\/h3>\n\n\n\n<h3 class=\"wp-block-heading\"><strong>1. S\u00e9curit\u00e9 du syst\u00e8me d\u2019information<\/strong><\/h3>\n\n\n\n<h4 class=\"wp-block-heading has-palette-color-7-color has-text-color has-link-color wp-elements-4ee30ed2d4a7351e33d36e2de4abf8f0\"><strong>Prot\u00e9ger vos collaborateurs et vos donn\u00e9es<\/strong><\/h4>\n\n\n\n<figure class=\"wp-block-image alignright size-full is-resized\"><img loading=\"lazy\" decoding=\"async\" width=\"1024\" height=\"683\" src=\"https:\/\/www.greennovit.fr\/wp-content\/uploads\/2025\/12\/visuel-image-a-la-une-Acteurs-cyber-securite-1024x683-1.jpg\" alt=\"\" class=\"wp-image-697\" style=\"aspect-ratio:1.499297204435421;width:259px;height:auto\" srcset=\"https:\/\/www.greennovit.fr\/wp-content\/uploads\/2025\/12\/visuel-image-a-la-une-Acteurs-cyber-securite-1024x683-1.jpg 1024w, https:\/\/www.greennovit.fr\/wp-content\/uploads\/2025\/12\/visuel-image-a-la-une-Acteurs-cyber-securite-1024x683-1-300x200.jpg 300w, https:\/\/www.greennovit.fr\/wp-content\/uploads\/2025\/12\/visuel-image-a-la-une-Acteurs-cyber-securite-1024x683-1-768x512.jpg 768w\" sizes=\"auto, (max-width: 1024px) 100vw, 1024px\" \/><\/figure>\n\n\n\n<ul class=\"wp-block-list\">\n<li class=\"has-palette-color-7-color has-text-color has-link-color wp-elements-eaf8149fe93b0c9746476454cce62cab\">Anti-malware et EDR nouvelle g\u00e9n\u00e9ration made-in BitDefender<\/li>\n\n\n\n<li class=\"has-palette-color-7-color has-text-color has-link-color wp-elements-8aec2963abcf70610c18a9dfac8ec660\">MFA pour tous les acc\u00e8s sensibles <\/li>\n\n\n\n<li class=\"has-palette-color-7-color has-text-color has-link-color wp-elements-2cc1d2bc01584b9e7330481152f1ce95\">Chiffrement des postes<\/li>\n\n\n\n<li class=\"has-palette-color-7-color has-text-color has-link-color wp-elements-884ab3ca2ee0875c7a7a5b0e47117cab\">Gestion des vuln\u00e9rabilit\u00e9s<\/li>\n\n\n\n<li class=\"has-palette-color-7-color has-text-color has-link-color wp-elements-6438b21d4b2a9c5c10f71374bd9cfebe\">Politiques de s\u00e9curit\u00e9 unifi\u00e9es<\/li>\n<\/ul>\n\n\n\n<h3 class=\"wp-block-heading\"><strong>2. Contr\u00f4le des acc\u00e8s &amp; conformit\u00e9<\/strong><\/h3>\n\n\n\n<h4 class=\"wp-block-heading has-palette-color-7-color has-text-color has-link-color wp-elements-c7288fa1518a0260e2e967347a2cf906\"><strong>Un environnement ma\u00eetris\u00e9 et auditable<\/strong><\/h4>\n\n\n\n<figure class=\"wp-block-image alignleft size-full is-resized\"><img decoding=\"async\" src=\"https:\/\/www.greennovit.fr\/wp-content\/uploads\/2025\/12\/dc02123f-1706-4ce8-bdf0-678e7cd0dbd3.avif\" alt=\"\" class=\"wp-image-695\" style=\"width:152px;height:auto\"\/><\/figure>\n\n\n\n<ul class=\"wp-block-list\">\n<li class=\"has-palette-color-7-color has-text-color has-link-color wp-elements-31812bc7b24b9a0ef2e0d3eb4e497cdf\">Gestion des permissions<\/li>\n\n\n\n<li class=\"has-palette-color-7-color has-text-color has-link-color wp-elements-a84b1f27e7f2a5560ad35f02da8b7c04\">R\u00f4les &amp; acc\u00e8s conditionnels<\/li>\n\n\n\n<li class=\"has-palette-color-7-color has-text-color has-link-color wp-elements-ae572d174e06c6424edbbf9aed0f1aef\">Journaux d\u2019audit et tra\u00e7abilit\u00e9<\/li>\n\n\n\n<li class=\"has-palette-color-7-color has-text-color has-link-color wp-elements-507eb743b3fe8c9de1e759e148214120\">Conformit\u00e9 NIS2 \/ RGPD<\/li>\n\n\n\n<li class=\"has-palette-color-7-color has-text-color has-link-color wp-elements-ea2096377eedc5dfdd1f713d8574ad47\">Proc\u00e9dures de r\u00e9ponse aux incidents<\/li>\n<\/ul>\n\n\n\n<h3 class=\"wp-block-heading\"><strong>3. Strat\u00e9gie de sauvegarde hybride<\/strong><\/h3>\n\n\n\n<h4 class=\"wp-block-heading has-palette-color-7-color has-text-color has-link-color wp-elements-0f4089d22898c178270cfc66f0335cc4\"><strong>Prot\u00e9ger les donn\u00e9es contre toutes les menaces<\/strong><\/h4>\n\n\n\n<ul class=\"wp-block-list\">\n<li class=\"has-palette-color-7-color has-text-color has-link-color wp-elements-d8e7500dde1ffc829466f01f485df594\">NAS local + sauvegarde cloud s\u00e9curis\u00e9e<\/li>\n\n\n\n<li class=\"has-palette-color-7-color has-text-color has-link-color wp-elements-f7c3a275541aaa72d1b6adf0a7d29102\">R\u00e9tention longue dur\u00e9e on-premise ou cloud<\/li>\n\n\n\n<li class=\"has-palette-color-7-color has-text-color has-link-color wp-elements-b5f0c50321064f4719a8e8004cbbd7e6\">Chiffrement end-to-end<\/li>\n\n\n\n<li class=\"has-palette-color-7-color has-text-color has-link-color wp-elements-23cfcb6b88b6a6f1c6e9f84a98b59f05\">Sauvegarde Microsoft 365 (Exchange, SharePoint, OneDrive, Teams) via Acronis ou Veeam<\/li>\n\n\n\n<li class=\"has-palette-color-7-color has-text-color has-link-color wp-elements-73ce7c06b50d5a2088aef55a0c135a9d\">Versioning avanc\u00e9<\/li>\n<\/ul>\n\n\n\n<figure class=\"wp-block-image size-large\"><img loading=\"lazy\" decoding=\"async\" width=\"1024\" height=\"536\" src=\"https:\/\/www.greennovit.fr\/wp-content\/uploads\/2025\/12\/1200x628_3-2-1-Backup-Rule-1024x536.png\" alt=\"\" class=\"wp-image-696\" srcset=\"https:\/\/www.greennovit.fr\/wp-content\/uploads\/2025\/12\/1200x628_3-2-1-Backup-Rule-1024x536.png 1024w, https:\/\/www.greennovit.fr\/wp-content\/uploads\/2025\/12\/1200x628_3-2-1-Backup-Rule-300x157.png 300w, https:\/\/www.greennovit.fr\/wp-content\/uploads\/2025\/12\/1200x628_3-2-1-Backup-Rule-768x402.png 768w, https:\/\/www.greennovit.fr\/wp-content\/uploads\/2025\/12\/1200x628_3-2-1-Backup-Rule-1536x804.png 1536w, https:\/\/www.greennovit.fr\/wp-content\/uploads\/2025\/12\/1200x628_3-2-1-Backup-Rule-2048x1072.png 2048w\" sizes=\"auto, (max-width: 1024px) 100vw, 1024px\" \/><\/figure>\n\n\n\n<h3 class=\"wp-block-heading\"><strong>4. Tests de restauration &amp; PRA<\/strong><\/h3>\n\n\n\n<h4 class=\"wp-block-heading has-palette-color-7-color has-text-color has-link-color wp-elements-7254203e3fbfed5b90db6e0b8e25dd69\"><strong>\u00catre certain de pouvoir restaurer vos donn\u00e9es<\/strong><\/h4>\n\n\n\n<ul class=\"wp-block-list\">\n<li class=\"has-palette-color-7-color has-text-color has-link-color wp-elements-8204e279d27885d2b7c99f7b6859248f\">Tests r\u00e9guliers de restauration<\/li>\n\n\n\n<li class=\"has-palette-color-7-color has-text-color has-link-color wp-elements-1f499d6aa2afbd0f2a004219b6b0ce42\">Documentation de proc\u00e9dures<\/li>\n\n\n\n<li class=\"has-palette-color-7-color has-text-color has-link-color wp-elements-f52deb365ed2adda3e81a35eac230c69\">Recommandations pour le Plan de Reprise d\u2019Activit\u00e9<\/li>\n\n\n\n<li class=\"has-palette-color-7-color has-text-color has-link-color wp-elements-c687014f03900b9815750b5cb459f0f7\">Simulation d\u2019incidents<\/li>\n<\/ul>\n\n\n\n<h3 class=\"wp-block-heading\"><strong>5. M\u00e9thodologie Greennov-IT<\/strong><\/h3>\n\n\n\n<ol class=\"wp-block-list\">\n<li class=\"has-palette-color-7-color has-text-color has-link-color wp-elements-9bd08cb25853c9dca3e45142c6589ffe\">Analyse des risques<\/li>\n\n\n\n<li class=\"has-palette-color-7-color has-text-color has-link-color wp-elements-1de29b5cb1277fbd3d8c312cc0f21ef4\">Mise en place des solutions EDR &amp; MFA<\/li>\n\n\n\n<li class=\"has-palette-color-7-color has-text-color has-link-color wp-elements-39aa3ffd3467635b865ea22a1a8f6f27\">D\u00e9ploiement des sauvegardes hybrides<\/li>\n\n\n\n<li class=\"has-palette-color-7-color has-text-color has-link-color wp-elements-be9bb87840ca2800d70fbbcb908166bd\">Tests &amp; validation<\/li>\n\n\n\n<li class=\"has-palette-color-7-color has-text-color has-link-color wp-elements-5c9bbccae431efbaf0e2af149d015854\">Pilotage et am\u00e9lioration continue<\/li>\n<\/ol>\n\n\n\n<h3 class=\"wp-block-heading\"><strong>6. B\u00e9n\u00e9fices<\/strong><\/h3>\n\n\n\n<ul class=\"wp-block-list\">\n<li class=\"has-palette-color-7-color has-text-color has-link-color wp-elements-b3209f6ea51f232833ce5b6f86140a91\">Protection optimale contre ransomwares<\/li>\n\n\n\n<li class=\"has-palette-color-7-color has-text-color has-link-color wp-elements-f45c91137cce39f937bd44b24e617e56\">Restauration de donn\u00e9es garantie<\/li>\n\n\n\n<li class=\"has-palette-color-7-color has-text-color has-link-color wp-elements-a9e53af53badcdc746cb8d5d40e64206\">R\u00e9duction des risques critiques<\/li>\n\n\n\n<li class=\"has-palette-color-7-color has-text-color has-link-color wp-elements-16ff7a3993f70153a3a2508ad8f56667\">S\u00e9curit\u00e9 conforme aux standards<\/li>\n\n\n\n<li class=\"has-palette-color-7-color has-text-color has-link-color wp-elements-b242eff408c9c9b39584afc2339ed8fd\">Tranquillit\u00e9 op\u00e9rationnelle<\/li>\n<\/ul>\n\n\n\n<p><\/p>\n\n\n\n<div class=\"wp-block-buttons is-content-justification-center is-layout-flex wp-container-core-buttons-is-layout-a89b3969 wp-block-buttons-is-layout-flex\">\n<div class=\"wp-block-button is-style-outline is-style-outline--1\"><a class=\"wp-block-button__link has-palette-color-7-color has-text-color has-background has-link-color has-medium-font-size has-custom-font-size wp-element-button\" href=\"https:\/\/form.typeform.com\/to\/q4eOC2tq\" style=\"border-top-left-radius:100px;border-top-right-radius:100px;border-bottom-left-radius:100px;border-bottom-right-radius:100px;background:radial-gradient(rgb(71,59,123) 0%,rgb(53,132,167) 47%,rgb(48,210,190) 100%);padding-right:var(--wp--preset--spacing--50);padding-left:var(--wp--preset--spacing--50)\">\u00c9valuer votre niveau de s\u00e9curit\u00e9<\/a><\/div>\n\n\n\n<div class=\"wp-block-button is-style-outline is-style-outline--2\"><a class=\"wp-block-button__link has-palette-color-7-color has-text-color has-background has-link-color has-medium-font-size has-custom-font-size wp-element-button\" href=\"https:\/\/form.typeform.com\/to\/v8rK8tvs\" style=\"border-top-left-radius:100px;border-top-right-radius:100px;border-bottom-left-radius:100px;border-bottom-right-radius:100px;background:radial-gradient(rgb(71,59,123) 0%,rgb(53,132,167) 47%,rgb(48,210,190) 100%);padding-right:var(--wp--preset--spacing--50);padding-left:var(--wp--preset--spacing--50)\">Vous souhaitez am\u00e9liorer vos sauvegardes ou votre s\u00e9curit\u00e9<\/a><\/div>\n<\/div>\n\n\n\n<p><\/p>\n","protected":false},"excerpt":{"rendered":"<p>Greennov-IT d\u00e9ploie des solutions de s\u00e9curit\u00e9 robustes et une strat\u00e9gie de sauvegarde hybride garantissant la protection et la continuit\u00e9 d\u2019activit\u00e9 de votre entreprise. 1. S\u00e9curit\u00e9 du syst\u00e8me d\u2019information Prot\u00e9ger vos collaborateurs et vos donn\u00e9es 2. Contr\u00f4le des acc\u00e8s &amp; conformit\u00e9 Un environnement ma\u00eetris\u00e9 et auditable 3. Strat\u00e9gie de sauvegarde hybride Prot\u00e9ger les donn\u00e9es contre toutes [&hellip;]<\/p>\n","protected":false},"author":1,"featured_media":0,"parent":0,"menu_order":0,"comment_status":"closed","ping_status":"closed","template":"","meta":{"footnotes":""},"class_list":["post-608","page","type-page","status-publish","hentry"],"blocksy_meta":[],"_links":{"self":[{"href":"https:\/\/www.greennovit.fr\/index.php\/wp-json\/wp\/v2\/pages\/608","targetHints":{"allow":["GET"]}}],"collection":[{"href":"https:\/\/www.greennovit.fr\/index.php\/wp-json\/wp\/v2\/pages"}],"about":[{"href":"https:\/\/www.greennovit.fr\/index.php\/wp-json\/wp\/v2\/types\/page"}],"author":[{"embeddable":true,"href":"https:\/\/www.greennovit.fr\/index.php\/wp-json\/wp\/v2\/users\/1"}],"replies":[{"embeddable":true,"href":"https:\/\/www.greennovit.fr\/index.php\/wp-json\/wp\/v2\/comments?post=608"}],"version-history":[{"count":5,"href":"https:\/\/www.greennovit.fr\/index.php\/wp-json\/wp\/v2\/pages\/608\/revisions"}],"predecessor-version":[{"id":765,"href":"https:\/\/www.greennovit.fr\/index.php\/wp-json\/wp\/v2\/pages\/608\/revisions\/765"}],"wp:attachment":[{"href":"https:\/\/www.greennovit.fr\/index.php\/wp-json\/wp\/v2\/media?parent=608"}],"curies":[{"name":"wp","href":"https:\/\/api.w.org\/{rel}","templated":true}]}}