{"id":610,"date":"2025-12-10T19:05:00","date_gmt":"2025-12-10T18:05:00","guid":{"rendered":"https:\/\/www.greennovit.fr\/?page_id=610"},"modified":"2026-01-23T12:48:19","modified_gmt":"2026-01-23T11:48:19","slug":"direction-des-systemes-dinformation-externalisee","status":"publish","type":"page","link":"https:\/\/www.greennovit.fr\/index.php\/direction-des-systemes-dinformation-externalisee\/","title":{"rendered":"Direction des Syst\u00e8mes d\u2019Information Externalis\u00e9e"},"content":{"rendered":"\n<h3 class=\"wp-block-heading has-palette-color-7-color has-text-color has-link-color wp-elements-642270ebd8d4fea8e2029cea22a25bda\">Greennov-IT assure le pilotage strat\u00e9gique, op\u00e9rationnel et budg\u00e9taire de votre syst\u00e8me d\u2019information. Nos \u00e9quipes interviennent comme une DSI interne \u00e0 temps partag\u00e9, adapt\u00e9e \u00e0 la taille et aux enjeux de votre entreprise.<\/h3>\n\n\n\n<figure class=\"wp-block-image aligncenter size-full\"><img loading=\"lazy\" decoding=\"async\" width=\"796\" height=\"868\" src=\"https:\/\/www.greennovit.fr\/wp-content\/uploads\/2025\/12\/BusinessITStrategyInfographic.png\" alt=\"\" class=\"wp-image-686\" style=\"aspect-ratio:0.9170631054049406\" srcset=\"https:\/\/www.greennovit.fr\/wp-content\/uploads\/2025\/12\/BusinessITStrategyInfographic.png 796w, https:\/\/www.greennovit.fr\/wp-content\/uploads\/2025\/12\/BusinessITStrategyInfographic-275x300.png 275w, https:\/\/www.greennovit.fr\/wp-content\/uploads\/2025\/12\/BusinessITStrategyInfographic-768x837.png 768w\" sizes=\"auto, (max-width: 796px) 100vw, 796px\" \/><\/figure>\n\n\n\n<h4 class=\"wp-block-heading\"><strong>1. Vision &amp; strat\u00e9gie IT<\/strong><\/h4>\n\n\n\n<figure class=\"wp-block-image alignleft size-large is-resized\"><img loading=\"lazy\" decoding=\"async\" width=\"1024\" height=\"806\" src=\"https:\/\/www.greennovit.fr\/wp-content\/uploads\/2025\/12\/itil-service-design-overview-1024x806.png\" alt=\"\" class=\"wp-image-690\" style=\"aspect-ratio:1.2704798708345464;width:283px;height:auto\" srcset=\"https:\/\/www.greennovit.fr\/wp-content\/uploads\/2025\/12\/itil-service-design-overview-1024x806.png 1024w, https:\/\/www.greennovit.fr\/wp-content\/uploads\/2025\/12\/itil-service-design-overview-300x236.png 300w, https:\/\/www.greennovit.fr\/wp-content\/uploads\/2025\/12\/itil-service-design-overview-768x604.png 768w, https:\/\/www.greennovit.fr\/wp-content\/uploads\/2025\/12\/itil-service-design-overview-1536x1209.png 1536w, https:\/\/www.greennovit.fr\/wp-content\/uploads\/2025\/12\/itil-service-design-overview-2048x1611.png 2048w\" sizes=\"auto, (max-width: 1024px) 100vw, 1024px\" \/><\/figure>\n\n\n\n<h4 class=\"wp-block-heading has-palette-color-7-color has-text-color has-link-color wp-elements-92a72985501866cde7e97a23a2f9fb1b\"><strong>Aligner l&rsquo;IT avec les objectifs de l&rsquo;entreprise<\/strong><\/h4>\n\n\n\n<ul class=\"wp-block-list\">\n<li class=\"has-palette-color-7-color has-text-color has-link-color wp-elements-5449e890cbe63422f4b5179d11bb1efe\">Construction de roadmap IT<\/li>\n\n\n\n<li class=\"has-palette-color-7-color has-text-color has-link-color wp-elements-88782c13a0b1b14cc8a01993c34f8d4d\">Plan d\u2019urbanisation<\/li>\n\n\n\n<li class=\"has-palette-color-7-color has-text-color has-link-color wp-elements-4ae74ca4c409be7ad1b567fcca5c5012\">Strat\u00e9gie s\u00e9curit\u00e9 &amp; conformit\u00e9<\/li>\n\n\n\n<li class=\"has-palette-color-7-color has-text-color has-link-color wp-elements-9f0b429e1ff50c9a6b770813b7f82011\">Standardisation de l\u2019environnement technique<\/li>\n<\/ul>\n\n\n\n<h4 class=\"wp-block-heading\"><strong>2. Pilotage budg\u00e9taire<\/strong><\/h4>\n\n\n\n<figure class=\"wp-block-image alignright size-large is-resized\"><img loading=\"lazy\" decoding=\"async\" width=\"1024\" height=\"683\" src=\"https:\/\/www.greennovit.fr\/wp-content\/uploads\/2025\/12\/ChatGPT-Image-10-dec.-2025-13_50_00-1024x683.png\" alt=\"\" class=\"wp-image-687\" style=\"aspect-ratio:1.499297204435421;width:283px;height:auto\"\/><\/figure>\n\n\n\n<h4 class=\"wp-block-heading has-palette-color-7-color has-text-color has-link-color wp-elements-3cb7ebcdc7aa92c342b3190ce04784c9\"><strong>Ma\u00eetrise des co\u00fbts et optimisation<\/strong><\/h4>\n\n\n\n<ul class=\"wp-block-list\">\n<li class=\"has-palette-color-7-color has-text-color has-link-color wp-elements-d7382811870df8055c7f235857cb7f92\">Pr\u00e9vision &amp; contr\u00f4le des budgets IT<\/li>\n\n\n\n<li class=\"has-palette-color-7-color has-text-color has-link-color wp-elements-25b0af798522b66cb9cbf8204f8d81f0\">Optimisation des licences et abonnements<\/li>\n\n\n\n<li class=\"has-palette-color-7-color has-text-color has-link-color wp-elements-9ad23dcd7ee101873f22492b25824b88\">Arbitrage des investissements technologiques<\/li>\n\n\n\n<li class=\"has-palette-color-7-color has-text-color has-link-color wp-elements-cc2c4dae3b73a16dadafb8494a67c5ba\">Reporting r\u00e9gulier \u00e0 la direction<\/li>\n<\/ul>\n\n\n\n<h3 class=\"wp-block-heading\"><strong>3. Gouvernance &amp; conformit\u00e9<\/strong><\/h3>\n\n\n\n<figure class=\"wp-block-image alignleft size-full is-resized\"><img loading=\"lazy\" decoding=\"async\" width=\"1024\" height=\"1024\" src=\"https:\/\/www.greennovit.fr\/wp-content\/uploads\/2025\/12\/ChatGPT-Image-10-dec.-2025-19_03_13.png\" alt=\"\" class=\"wp-image-691\" style=\"width:281px;height:auto\" srcset=\"https:\/\/www.greennovit.fr\/wp-content\/uploads\/2025\/12\/ChatGPT-Image-10-dec.-2025-19_03_13.png 1024w, https:\/\/www.greennovit.fr\/wp-content\/uploads\/2025\/12\/ChatGPT-Image-10-dec.-2025-19_03_13-300x300.png 300w, https:\/\/www.greennovit.fr\/wp-content\/uploads\/2025\/12\/ChatGPT-Image-10-dec.-2025-19_03_13-150x150.png 150w, https:\/\/www.greennovit.fr\/wp-content\/uploads\/2025\/12\/ChatGPT-Image-10-dec.-2025-19_03_13-768x768.png 768w\" sizes=\"auto, (max-width: 1024px) 100vw, 1024px\" \/><\/figure>\n\n\n\n<h4 class=\"wp-block-heading has-palette-color-7-color has-text-color has-link-color wp-elements-947c6304858b11b333c588a0150bb70c\"><strong>Un cadre structur\u00e9 et durable<\/strong><\/h4>\n\n\n\n<ul class=\"wp-block-list\">\n<li class=\"has-palette-color-7-color has-text-color has-link-color wp-elements-bb71abf71326d861a82c3a390ace62f5\">Mise en conformit\u00e9 NIS2<\/li>\n\n\n\n<li class=\"has-palette-color-7-color has-text-color has-link-color wp-elements-af9e8e16a7794bf5ccca3537f5e248f2\">Alignement ISO 27001 (approche)<\/li>\n\n\n\n<li class=\"has-palette-color-7-color has-text-color has-link-color wp-elements-0a811a83472ea81e62ae8ac7e42e6e1a\">Politique d\u2019acc\u00e8s et gestion des identit\u00e9s<\/li>\n\n\n\n<li class=\"has-palette-color-7-color has-text-color has-link-color wp-elements-9bd08cb25853c9dca3e45142c6589ffe\">Analyse des risques<\/li>\n\n\n\n<li class=\"has-palette-color-7-color has-text-color has-link-color wp-elements-d6f4269640ec6d8289588afe6ea181bd\">Documentation des proc\u00e9dures IT<\/li>\n<\/ul>\n\n\n\n<p><\/p>\n\n\n\n<p><\/p>\n\n\n\n<h3 class=\"wp-block-heading\"><strong>4. Gestion op\u00e9rationnelle<\/strong><\/h3>\n\n\n\n<h4 class=\"wp-block-heading has-palette-color-7-color has-text-color has-link-color wp-elements-6ad6b7fd0ccd45b2540ca6715a431921\"><strong>Un relais professionnel entre la direction et la technique<\/strong><\/h4>\n\n\n\n<ul class=\"wp-block-list\">\n<li class=\"has-palette-color-7-color has-text-color has-link-color wp-elements-6b7e0281e04dd3f5c18313efb38d6241\">Suivi des projets IT<\/li>\n\n\n\n<li class=\"has-palette-color-7-color has-text-color has-link-color wp-elements-f7d90700f338754b1101e7d86c8c5a20\">Coordination des prestataires externes<\/li>\n\n\n\n<li class=\"has-palette-color-7-color has-text-color has-link-color wp-elements-4df6c737000ae23f0120012a9934471f\">Validation des choix technologiques<\/li>\n\n\n\n<li class=\"has-palette-color-7-color has-text-color has-link-color wp-elements-6fdad35668c6c5434a46e4d222d25971\">Pilotage des incidents majeurs<\/li>\n<\/ul>\n\n\n\n<h3 class=\"wp-block-heading\"><strong>5. M\u00e9thodologie Greennov-IT<\/strong><\/h3>\n\n\n\n<ol class=\"wp-block-list\">\n<li class=\"has-palette-color-7-color has-text-color has-link-color wp-elements-2cac2e5aa970ee37f5074833bba0b7c7\">Diagnostic de maturit\u00e9 IT<\/li>\n\n\n\n<li class=\"has-palette-color-7-color has-text-color has-link-color wp-elements-36858b78b1911579da662fbaa5e592c1\">D\u00e9finition de la strat\u00e9gie et des priorit\u00e9s<\/li>\n\n\n\n<li class=\"has-palette-color-7-color has-text-color has-link-color wp-elements-952734c68d2c64575133b5144afb96e0\">D\u00e9ploiement des standards &amp; politiques<\/li>\n\n\n\n<li class=\"has-palette-color-7-color has-text-color has-link-color wp-elements-f78eddf59911e5a19cb8d62ebafd93d1\">Suivi mensuel \/ trimestriel<\/li>\n\n\n\n<li class=\"has-palette-color-7-color has-text-color has-link-color wp-elements-a49cff60d81a984a0127491f8cbb0c03\">Am\u00e9lioration continue<\/li>\n<\/ol>\n\n\n\n<h3 class=\"wp-block-heading\"><strong>6. B\u00e9n\u00e9fices<\/strong><\/h3>\n\n\n\n<ul class=\"wp-block-list\">\n<li class=\"has-palette-color-7-color has-text-color has-link-color wp-elements-174d7024d69b9451ba330206e4a4b486\">D\u00e9cisions IT structur\u00e9es<\/li>\n\n\n\n<li class=\"has-palette-color-7-color has-text-color has-link-color wp-elements-cb928e0214d50ef0d00540e3ef82cea8\">Vision claire et long terme<\/li>\n\n\n\n<li class=\"has-palette-color-7-color has-text-color has-link-color wp-elements-1dc990196af361cc1311906461cb8182\">R\u00e9duction des risques<\/li>\n\n\n\n<li class=\"has-palette-color-7-color has-text-color has-link-color wp-elements-6c38b0d563ff8ee1cff8125ae0436cb4\">Meilleur contr\u00f4le des co\u00fbts<\/li>\n\n\n\n<li class=\"has-palette-color-7-color has-text-color has-link-color wp-elements-ded65e57bf37a3099d90659647da9fb2\">Alignement direction \/ op\u00e9rationnel<\/li>\n<\/ul>\n\n\n\n<p><\/p>\n\n\n\n<div class=\"wp-block-buttons is-content-justification-center is-layout-flex wp-container-core-buttons-is-layout-a89b3969 wp-block-buttons-is-layout-flex\">\n<div class=\"wp-block-button is-style-outline is-style-outline--1\"><a class=\"wp-block-button__link has-palette-color-7-color has-text-color has-background has-link-color has-medium-font-size has-custom-font-size wp-element-button\" href=\"https:\/\/form.typeform.com\/to\/m7ALowPL\" style=\"border-top-left-radius:100px;border-top-right-radius:100px;border-bottom-left-radius:100px;border-bottom-right-radius:100px;background:radial-gradient(rgb(71,59,123) 0%,rgb(53,132,167) 47%,rgb(48,210,190) 100%);padding-right:var(--wp--preset--spacing--50);padding-left:var(--wp--preset--spacing--50)\">Discuter d\u2019un accompagnement DSI externalis\u00e9<\/a><\/div>\n<\/div>\n\n\n\n<p><\/p>\n","protected":false},"excerpt":{"rendered":"<p>Greennov-IT assure le pilotage strat\u00e9gique, op\u00e9rationnel et budg\u00e9taire de votre syst\u00e8me d\u2019information. Nos \u00e9quipes interviennent comme une DSI interne \u00e0 temps partag\u00e9, adapt\u00e9e \u00e0 la taille et aux enjeux de votre entreprise. 1. Vision &amp; strat\u00e9gie IT Aligner l&rsquo;IT avec les objectifs de l&rsquo;entreprise 2. Pilotage budg\u00e9taire Ma\u00eetrise des co\u00fbts et optimisation 3. Gouvernance &amp; [&hellip;]<\/p>\n","protected":false},"author":1,"featured_media":0,"parent":0,"menu_order":0,"comment_status":"closed","ping_status":"closed","template":"","meta":{"footnotes":""},"class_list":["post-610","page","type-page","status-publish","hentry"],"blocksy_meta":[],"_links":{"self":[{"href":"https:\/\/www.greennovit.fr\/index.php\/wp-json\/wp\/v2\/pages\/610","targetHints":{"allow":["GET"]}}],"collection":[{"href":"https:\/\/www.greennovit.fr\/index.php\/wp-json\/wp\/v2\/pages"}],"about":[{"href":"https:\/\/www.greennovit.fr\/index.php\/wp-json\/wp\/v2\/types\/page"}],"author":[{"embeddable":true,"href":"https:\/\/www.greennovit.fr\/index.php\/wp-json\/wp\/v2\/users\/1"}],"replies":[{"embeddable":true,"href":"https:\/\/www.greennovit.fr\/index.php\/wp-json\/wp\/v2\/comments?post=610"}],"version-history":[{"count":5,"href":"https:\/\/www.greennovit.fr\/index.php\/wp-json\/wp\/v2\/pages\/610\/revisions"}],"predecessor-version":[{"id":761,"href":"https:\/\/www.greennovit.fr\/index.php\/wp-json\/wp\/v2\/pages\/610\/revisions\/761"}],"wp:attachment":[{"href":"https:\/\/www.greennovit.fr\/index.php\/wp-json\/wp\/v2\/media?parent=610"}],"curies":[{"name":"wp","href":"https:\/\/api.w.org\/{rel}","templated":true}]}}