{"id":704,"date":"2025-12-10T22:51:25","date_gmt":"2025-12-10T21:51:25","guid":{"rendered":"https:\/\/www.greennovit.fr\/?page_id=704"},"modified":"2025-12-11T16:38:54","modified_gmt":"2025-12-11T15:38:54","slug":"accueil","status":"publish","type":"page","link":"https:\/\/www.greennovit.fr\/","title":{"rendered":"Accueil"},"content":{"rendered":"\n<h2 class=\"wp-block-heading\">Solutions IT, Cybers\u00e9curit\u00e9 et Microsoft 365 pour les entreprises<\/h2>\n\n\n\n<figure class=\"wp-block-image alignright size-full is-resized\"><img loading=\"lazy\" decoding=\"async\" width=\"1024\" height=\"1024\" src=\"https:\/\/www.greennovit.fr\/wp-content\/uploads\/2025\/12\/ChatGPT-Image-10-dec.-2025-21_55_14.png\" alt=\"\" class=\"wp-image-705\" style=\"width:396px;height:auto\" srcset=\"https:\/\/www.greennovit.fr\/wp-content\/uploads\/2025\/12\/ChatGPT-Image-10-dec.-2025-21_55_14.png 1024w, https:\/\/www.greennovit.fr\/wp-content\/uploads\/2025\/12\/ChatGPT-Image-10-dec.-2025-21_55_14-300x300.png 300w, https:\/\/www.greennovit.fr\/wp-content\/uploads\/2025\/12\/ChatGPT-Image-10-dec.-2025-21_55_14-150x150.png 150w, https:\/\/www.greennovit.fr\/wp-content\/uploads\/2025\/12\/ChatGPT-Image-10-dec.-2025-21_55_14-768x768.png 768w\" sizes=\"auto, (max-width: 1024px) 100vw, 1024px\" \/><\/figure>\n\n\n\n<p class=\"has-palette-color-5-color has-text-color has-link-color has-medium-font-size wp-elements-bfa0625b79f19fbf8ec285d9efff6b12\" style=\"font-style:normal;font-weight:500;line-height:1.5\">Greennov-IT accompagne les organisations dans la gestion, la s\u00e9curisation et l\u2019optimisation de leur syst\u00e8me d\u2019information.                                                                                                                Nos services couvrent l\u2019infog\u00e9rance,                                                                                                 le support, la gouvernance Microsoft 365,                                                                          les sauvegardes, la cybers\u00e9curit\u00e9 et                                                                    l\u2019externalisation de la direction informatique.<\/p>\n\n\n\n<hr class=\"wp-block-separator has-alpha-channel-opacity\" style=\"margin-top:var(--wp--preset--spacing--60);margin-bottom:var(--wp--preset--spacing--60)\"\/>\n\n\n\n<div style=\"height:0px\" aria-hidden=\"true\" class=\"wp-block-spacer\"><\/div>\n\n\n\n<div class=\"wp-block-group is-layout-constrained wp-block-group-is-layout-constrained\">\n<div class=\"wp-block-columns is-layout-flex wp-container-core-columns-is-layout-28f84493 wp-block-columns-is-layout-flex\">\n<div class=\"wp-block-column is-layout-flow wp-block-column-is-layout-flow\" style=\"flex-basis:100%\">\n<div class=\"wp-block-buttons alignfull is-content-justification-center is-layout-flex wp-container-core-buttons-is-layout-a89b3969 wp-block-buttons-is-layout-flex\">\n<div class=\"wp-block-button is-style-fill\"><a class=\"wp-block-button__link has-palette-color-6-color has-text-color has-background has-medium-font-size has-text-align-center has-custom-font-size wp-element-button\" href=\"https:\/\/www.greennovit.fr\/index.php\/nos-offres\/\" style=\"border-style:none;border-width:0px;border-top-left-radius:10px;border-top-right-radius:10px;border-bottom-left-radius:10px;border-bottom-right-radius:10px;background:radial-gradient(rgb(71,59,123) 0%,rgb(53,132,167) 51%,rgb(48,210,190) 100%);padding-top:var(--wp--preset--spacing--20);padding-right:var(--wp--preset--spacing--20);padding-bottom:var(--wp--preset--spacing--20);padding-left:var(--wp--preset--spacing--20)\">   D\u00e9couvrir nos services    <\/a><\/div>\n\n\n\n<div class=\"wp-block-button is-style-fill\"><a class=\"wp-block-button__link has-palette-color-6-color has-text-color has-background has-medium-font-size has-text-align-center has-custom-font-size wp-element-button\" href=\"mailto:contact@greennov-it.fr\" style=\"border-style:none;border-width:0px;border-top-left-radius:10px;border-top-right-radius:10px;border-bottom-left-radius:10px;border-bottom-right-radius:10px;background:radial-gradient(rgb(71,59,123) 0%,rgb(53,132,167) 51%,rgb(48,210,190) 100%);padding-top:var(--wp--preset--spacing--20);padding-right:var(--wp--preset--spacing--20);padding-bottom:var(--wp--preset--spacing--20);padding-left:var(--wp--preset--spacing--20)\">   Contacter un conseiller    <\/a><\/div>\n<\/div>\n<\/div>\n<\/div>\n<\/div>\n\n\n\n<h3 class=\"wp-block-heading\">Pourquoi choisir Greennov-IT ?<\/h3>\n\n\n\n<div class=\"wp-block-columns has-small-font-size is-layout-flex wp-container-core-columns-is-layout-977ceeb5 wp-block-columns-is-layout-flex\" style=\"margin-top:0;margin-bottom:0\">\n<div class=\"wp-block-column is-layout-flow wp-container-core-column-is-layout-964819ab wp-block-column-is-layout-flow\" style=\"border-style:none;border-width:0px;padding-top:0;padding-bottom:0;font-size:clamp(14px, 0.875rem + ((1vw - 3.2px) * 0.156), 16px);flex-basis:350px\">\n<p class=\"has-palette-color-5-color has-text-color has-link-color wp-elements-ed727d371cf12ebde777722e6eca7f97\" style=\"font-style:normal;font-weight:700\">&nbsp;\u2713   Engagement de r\u00e9activit\u00e9<\/p>\n\n\n\n<p class=\"has-palette-color-5-color has-text-color has-link-color wp-elements-73ee1510feb5986ed8daf1a0f062ea3f wp-container-content-9cfa9a5a\" style=\"font-style:normal;font-weight:700\">\u2713   Accompagnement perrsonnalis\u00e9<\/p>\n\n\n\n<p class=\"has-palette-color-5-color has-text-color has-link-color wp-elements-f5e82aacad65960e0db162bf319f6e58 wp-container-content-9cfa9a5a\" style=\"font-style:normal;font-weight:700\">\u2713   S\u00e9curisation syst\u00e9matique des environnements<\/p>\n<\/div>\n\n\n\n<div class=\"wp-block-column is-layout-flow wp-container-core-column-is-layout-964819ab wp-block-column-is-layout-flow\" style=\"border-style:none;border-width:0px;padding-top:0;padding-bottom:0;font-size:clamp(14px, 0.875rem + ((1vw - 3.2px) * 0.156), 16px);flex-basis:350px\">\n<p class=\"has-palette-color-5-color has-text-color has-link-color wp-elements-463c64069a3c5cf441a55fbc61392e70\" style=\"font-style:normal;font-weight:700\">\u2713   Expertise Microsoft 365 et Cybers\u00e9curit\u00e9   <\/p>\n\n\n\n<p class=\"has-palette-color-5-color has-text-color has-link-color wp-elements-8854ccc75e265589e687ac6d60174551\" style=\"font-style:normal;font-weight:700\">\u2713   Solutions adapt\u00e9es PME, TPM et ETI<\/p>\n\n\n\n<p class=\"has-palette-color-5-color has-text-color has-link-color wp-elements-00a154847528a098a57ad0b569d4971f\" style=\"font-style:normal;font-weight:700\">\u2713   Transparence des interventions et reporting<\/p>\n<\/div>\n<\/div>\n\n\n\n<h2 class=\"wp-block-heading\">Ils nous ont fait confiance<\/h2>\n\n\n\n<div class=\"wp-block-columns is-layout-flex wp-container-core-columns-is-layout-28f84493 wp-block-columns-is-layout-flex\">\n<div class=\"wp-block-column is-layout-flow wp-block-column-is-layout-flow\">\n<figure class=\"wp-block-image size-full\"><img loading=\"lazy\" decoding=\"async\" width=\"275\" height=\"183\" src=\"https:\/\/www.greennovit.fr\/wp-content\/uploads\/2025\/12\/telechargement-removebg-preview-1.png\" alt=\"\" class=\"wp-image-706\"\/><\/figure>\n<\/div>\n\n\n\n<div class=\"wp-block-column is-layout-flow wp-block-column-is-layout-flow\">\n<figure class=\"wp-block-image aligncenter size-full is-resized\" style=\"margin-top:var(--wp--preset--spacing--50);margin-bottom:var(--wp--preset--spacing--50)\"><img loading=\"lazy\" decoding=\"async\" width=\"200\" height=\"200\" src=\"https:\/\/www.greennovit.fr\/wp-content\/uploads\/2025\/12\/telechargement-removebg-preview.png\" alt=\"\" class=\"wp-image-707\" style=\"width:109px;height:auto\" srcset=\"https:\/\/www.greennovit.fr\/wp-content\/uploads\/2025\/12\/telechargement-removebg-preview.png 200w, https:\/\/www.greennovit.fr\/wp-content\/uploads\/2025\/12\/telechargement-removebg-preview-150x150.png 150w\" sizes=\"auto, (max-width: 200px) 100vw, 200px\" \/><\/figure>\n<\/div>\n\n\n\n<div class=\"wp-block-column is-layout-flow wp-block-column-is-layout-flow\">\n<figure class=\"wp-block-image size-large is-resized\" style=\"margin-top:0;margin-bottom:0\"><img loading=\"lazy\" decoding=\"async\" width=\"1024\" height=\"1024\" src=\"https:\/\/www.greennovit.fr\/wp-content\/uploads\/2025\/12\/pngegg-1024x1024.png\" alt=\"\" class=\"wp-image-708\" style=\"width:161px;height:auto\" srcset=\"https:\/\/www.greennovit.fr\/wp-content\/uploads\/2025\/12\/pngegg-1024x1024.png 1024w, https:\/\/www.greennovit.fr\/wp-content\/uploads\/2025\/12\/pngegg-300x300.png 300w, https:\/\/www.greennovit.fr\/wp-content\/uploads\/2025\/12\/pngegg-150x150.png 150w, https:\/\/www.greennovit.fr\/wp-content\/uploads\/2025\/12\/pngegg-768x768.png 768w, https:\/\/www.greennovit.fr\/wp-content\/uploads\/2025\/12\/pngegg.png 1100w\" sizes=\"auto, (max-width: 1024px) 100vw, 1024px\" \/><\/figure>\n<\/div>\n<\/div>\n\n\n\n<p><\/p>\n","protected":false},"excerpt":{"rendered":"<p>Solutions IT, Cybers\u00e9curit\u00e9 et Microsoft 365 pour les entreprises Greennov-IT accompagne les organisations dans la gestion, la s\u00e9curisation et l\u2019optimisation de leur syst\u00e8me d\u2019information. Nos services couvrent l\u2019infog\u00e9rance, le support, la gouvernance Microsoft 365, les sauvegardes, la cybers\u00e9curit\u00e9 et l\u2019externalisation de la direction informatique. Pourquoi choisir Greennov-IT ? &nbsp;\u2713 Engagement de r\u00e9activit\u00e9 \u2713 Accompagnement perrsonnalis\u00e9 [&hellip;]<\/p>\n","protected":false},"author":1,"featured_media":0,"parent":0,"menu_order":0,"comment_status":"closed","ping_status":"closed","template":"","meta":{"footnotes":""},"class_list":["post-704","page","type-page","status-publish","hentry"],"blocksy_meta":[],"_links":{"self":[{"href":"https:\/\/www.greennovit.fr\/index.php\/wp-json\/wp\/v2\/pages\/704","targetHints":{"allow":["GET"]}}],"collection":[{"href":"https:\/\/www.greennovit.fr\/index.php\/wp-json\/wp\/v2\/pages"}],"about":[{"href":"https:\/\/www.greennovit.fr\/index.php\/wp-json\/wp\/v2\/types\/page"}],"author":[{"embeddable":true,"href":"https:\/\/www.greennovit.fr\/index.php\/wp-json\/wp\/v2\/users\/1"}],"replies":[{"embeddable":true,"href":"https:\/\/www.greennovit.fr\/index.php\/wp-json\/wp\/v2\/comments?post=704"}],"version-history":[{"count":10,"href":"https:\/\/www.greennovit.fr\/index.php\/wp-json\/wp\/v2\/pages\/704\/revisions"}],"predecessor-version":[{"id":748,"href":"https:\/\/www.greennovit.fr\/index.php\/wp-json\/wp\/v2\/pages\/704\/revisions\/748"}],"wp:attachment":[{"href":"https:\/\/www.greennovit.fr\/index.php\/wp-json\/wp\/v2\/media?parent=704"}],"curies":[{"name":"wp","href":"https:\/\/api.w.org\/{rel}","templated":true}]}}