{"id":732,"date":"2025-12-10T23:04:39","date_gmt":"2025-12-10T22:04:39","guid":{"rendered":"https:\/\/www.greennovit.fr\/?page_id=732"},"modified":"2025-12-10T23:04:40","modified_gmt":"2025-12-10T22:04:40","slug":"le-partenaire-informatique-qui-a-la-solution","status":"publish","type":"page","link":"https:\/\/www.greennovit.fr\/index.php\/le-partenaire-informatique-qui-a-la-solution\/","title":{"rendered":"Le partenaire informatique qui a la solution"},"content":{"rendered":"\n<div class=\"wp-block-group is-layout-constrained wp-block-group-is-layout-constrained\">\n<h1 class=\"wp-block-heading has-text-align-center has-palette-color-5-color has-text-color\">Le partenaire informatique <mark style=\"background-color:var(--theme-palette-color-10, #262626)\" class=\"has-inline-color has-palette-color-9-color\">qui a la solution<\/mark><\/h1>\n\n\n\n<h3 class=\"wp-block-heading has-text-align-center has-palette-color-5-color has-text-color has-medium-font-size\"><strong>Nous vous accompagnons dans tous vos projets d\u2019\u00e9volution de votre syst\u00e8me d\u2019information :<\/strong>&nbsp;infog\u00e9rance, h\u00e9bergement, cloud computing, s\u00e9curit\u00e9, audit informatique, infrastructure syst\u00e8mes, supervision, assistance technique, t\u00e9l\u00e9maintenance et formations.<\/h3>\n\n\n\n<h5 class=\"wp-block-heading has-text-align-center has-palette-color-5-color has-text-color\"><strong><mark style=\"background-color:var(--theme-palette-color-10, #262626)\" class=\"has-inline-color has-palette-color-9-color\">De la TPME aux Grands Comptes notre \u00e9quipe accompagne&nbsp;ces organisations, au quotidien<\/mark><\/strong><mark style=\"background-color:rgba(0, 0, 0, 0)\" class=\"has-inline-color has-palette-color-9-color\"> sur les th\u00e8mes suviants : Solutions IT, Cybers\u00e9curit\u00e9 et Microsoft 365 pour les entreprises.<\/mark><\/h5>\n\n\n\n<h5 class=\"wp-block-heading has-text-align-center has-palette-color-5-color has-text-color\"><strong>Notre objectif est de vous accompagner dans la gestion, la s\u00e9curisation et l\u2019optimisation de leur syst\u00e8me d\u2019information. Nos services couvrent l\u2019infog\u00e9rance, le support, la gouvernance Microsoft 365, les sauvegardes, la cybers\u00e9curit\u00e9 et l\u2019externalisation de la direction informatique.<\/strong><\/h5>\n\n\n\n<div class=\"wp-block-group is-layout-constrained wp-block-group-is-layout-constrained\">\n<div class=\"wp-block-columns are-vertically-aligned-center is-layout-flex wp-container-core-columns-is-layout-28f84493 wp-block-columns-is-layout-flex\">\n<div class=\"wp-block-column is-vertically-aligned-center is-layout-flow wp-block-column-is-layout-flow\" style=\"flex-basis:100%\">\n<div class=\"wp-block-group is-layout-constrained wp-block-group-is-layout-constrained\">\n<div class=\"wp-block-group is-layout-constrained wp-block-group-is-layout-constrained\">\n<div class=\"wp-block-group is-layout-constrained wp-block-group-is-layout-constrained\">\n<div class=\"wp-block-group is-layout-constrained wp-block-group-is-layout-constrained\">\n<div class=\"wp-block-columns is-layout-flex wp-container-core-columns-is-layout-28f84493 wp-block-columns-is-layout-flex\">\n<div class=\"wp-block-column is-layout-flow wp-block-column-is-layout-flow\">\n<figure class=\"wp-block-gallery has-nested-images columns-default is-cropped wp-block-gallery-1 is-layout-flex wp-block-gallery-is-layout-flex\">\n<figure class=\"wp-block-image size-large has-custom-border is-style-default\" style=\"margin-top:0;margin-bottom:0\"><img decoding=\"async\" data-id=\"38\" src=\"https:\/\/www.greennovit.fr\/wp-content\/uploads\/2023\/11\/partenaire-informatique-reactif-bretagne.svg\" alt=\"\" class=\"has-border-color has-palette-color-10-border-color wp-image-38\" style=\"border-width:50px;border-top-left-radius:0px;border-top-right-radius:0px;border-bottom-left-radius:0px;border-bottom-right-radius:0px\"\/><\/figure>\n<\/figure>\n<\/div>\n\n\n\n<div class=\"wp-block-column is-layout-flow wp-block-column-is-layout-flow\">\n<figure class=\"wp-block-image size-full is-resized has-custom-border\"><img decoding=\"async\" src=\"https:\/\/www.greennovit.fr\/wp-content\/uploads\/2023\/11\/transparence-informatique-expert-bretagne-1.svg\" alt=\"\" class=\"has-border-color has-palette-color-10-border-color wp-image-96\" style=\"border-width:50px;width:232px;height:auto\"\/><\/figure>\n<\/div>\n\n\n\n<div class=\"wp-block-column is-layout-flow wp-block-column-is-layout-flow\">\n<figure class=\"wp-block-gallery has-nested-images columns-default is-cropped wp-block-gallery-2 is-layout-flex wp-block-gallery-is-layout-flex\">\n<figure class=\"wp-block-image size-large has-custom-border\" style=\"margin-top:0;margin-bottom:0\"><img decoding=\"async\" data-id=\"39\" src=\"https:\/\/www.greennovit.fr\/wp-content\/uploads\/2023\/11\/expertise-informatique-prestataire-bretagne.svg\" alt=\"\" class=\"has-border-color has-palette-color-10-border-color wp-image-39\" style=\"border-width:50px\"\/><\/figure>\n<\/figure>\n<\/div>\n<\/div>\n<\/div>\n<\/div>\n<\/div>\n<\/div>\n<\/div>\n<\/div>\n<\/div>\n<\/div>\n\n\n\n<div class=\"wp-block-group is-layout-constrained wp-container-core-group-is-layout-19e250f3 wp-block-group-is-layout-constrained\" style=\"min-height:0px\">\n<div class=\"wp-block-columns is-layout-flex wp-container-core-columns-is-layout-28f84493 wp-block-columns-is-layout-flex\">\n<div class=\"wp-block-column is-layout-flow wp-block-column-is-layout-flow\">\n<h4 class=\"wp-block-heading has-text-align-center has-palette-color-5-color has-text-color\"><mark style=\"background-color:var(--theme-palette-color-10, #262626)\" class=\"has-inline-color has-palette-color-9-color\">R\u00c9ACTIVIT\u00c9<\/mark><\/h4>\n\n\n\n<p class=\"has-text-align-center has-palette-color-5-color has-text-color\">Disponibilit\u00e9, proximit\u00e9 et souplesse nous permettent de vous apporter un service de qualit\u00e9.<\/p>\n<\/div>\n\n\n\n<div class=\"wp-block-column is-layout-flow wp-block-column-is-layout-flow\">\n<h4 class=\"wp-block-heading has-text-align-center has-palette-color-5-color has-text-color\"><mark style=\"background-color:var(--theme-palette-color-10, #262626)\" class=\"has-inline-color has-palette-color-9-color\">TRANSPARENCE<\/mark><\/h4>\n\n\n\n<p class=\"has-text-align-center has-palette-color-5-color has-text-color\">Notre accompagnement s\u2019inscrit toujours sur le long terme pour instaurer une relation de confiance entre vos \u00e9quipes et nous.<\/p>\n<\/div>\n\n\n\n<div class=\"wp-block-column is-layout-flow wp-block-column-is-layout-flow\">\n<h4 class=\"wp-block-heading has-text-align-center has-palette-color-5-color has-text-color\"><mark style=\"background-color:var(--theme-palette-color-10, #262626)\" class=\"has-inline-color has-palette-color-9-color\">EXPERTISE<\/mark><\/h4>\n\n\n\n<p class=\"has-text-align-center has-palette-color-5-color has-text-color\">Pour initier une d\u00e9marche d\u2019am\u00e9lioration continue de votre informatique, nous veillons \u00e0 maintenir un niveau \u00e9lev\u00e9 de comp\u00e9tences et de certifications dans l\u2019\u00e9quipe.<\/p>\n<\/div>\n<\/div>\n<\/div>\n\n\n\n<h2 class=\"wp-block-heading has-text-align-center has-palette-color-5-color has-text-color\">Nous r\u00e9pondons aux&nbsp;4 principaux besoins informatiques&nbsp;des entreprises<\/h2>\n\n\n\n<p class=\"has-text-align-center has-palette-color-5-color has-text-color\">Notre savoir-faire nous permet d\u2019accompagner des entreprises en \u00cele-De-France sur 4 probl\u00e9matiques fondamentales que vous rencontrez certainement.<\/p>\n\n\n\n<div class=\"wp-block-columns is-layout-flex wp-container-core-columns-is-layout-28f84493 wp-block-columns-is-layout-flex\">\n<div class=\"wp-block-column is-layout-flow wp-container-core-column-is-layout-8a368f38 wp-block-column-is-layout-flow\">\n<figure class=\"wp-block-gallery has-nested-images columns-4 is-cropped wp-block-gallery-3 is-layout-flex wp-block-gallery-is-layout-flex\">\n<figure class=\"wp-block-image aligncenter size-large has-custom-border\"><a href=\"https:\/\/www.greennovit.fr\/index.php\/contactez-nous\/\"><img decoding=\"async\" data-id=\"175\" src=\"https:\/\/www.greennovit.fr\/wp-content\/uploads\/2023\/11\/fiabiliser-son-informatique-1-1.svg\" alt=\"\" class=\"has-border-color has-palette-color-10-border-color wp-image-175\" style=\"border-width:30px\"\/><\/a><\/figure>\n\n\n\n<figure class=\"wp-block-image aligncenter size-large has-custom-border\"><a href=\"https:\/\/www.greennovit.fr\/index.php\/contactez-nous\/\"><img decoding=\"async\" data-id=\"90\" src=\"https:\/\/www.greennovit.fr\/wp-content\/uploads\/2023\/11\/securiser-son-informatique.svg\" alt=\"\" class=\"has-border-color has-palette-color-10-border-color wp-image-90\" style=\"border-width:30px\"\/><\/a><\/figure>\n\n\n\n<figure class=\"wp-block-image size-large has-custom-border\"><a href=\"https:\/\/www.greennovit.fr\/index.php\/contactez-nous\/\"><img decoding=\"async\" data-id=\"177\" src=\"https:\/\/www.greennovit.fr\/wp-content\/uploads\/2023\/11\/renouveler-son-infrastructure.svg\" alt=\"\" class=\"has-border-color has-palette-color-10-border-color wp-image-177\" style=\"border-width:30px\"\/><\/a><\/figure>\n\n\n\n<figure class=\"wp-block-image size-large has-custom-border\"><a href=\"https:\/\/www.greennovit.fr\/index.php\/contactez-nous\/\"><img decoding=\"async\" data-id=\"176\" src=\"https:\/\/www.greennovit.fr\/wp-content\/uploads\/2023\/11\/conseils-experts-informatique-1.svg\" alt=\"\" class=\"has-border-color has-palette-color-10-border-color wp-image-176\" style=\"border-width:30px\"\/><\/a><\/figure>\n<\/figure>\n<\/div>\n<\/div>\n\n\n\n<figure class=\"wp-block-table aligncenter is-style-regular\"><table class=\"has-palette-color-5-color has-text-color has-fixed-layout\" style=\"border-style:none;border-width:0px\"><thead><tr><th class=\"has-text-align-center\" data-align=\"center\"><mark style=\"background-color:var(--theme-palette-color-10, #262626)\" class=\"has-inline-color has-palette-color-9-color\">FIABILISEZ VOTRE INFORMATIQUE<\/mark><\/th><th class=\"has-text-align-center\" data-align=\"center\"><mark style=\"background-color:var(--theme-palette-color-10, #262626)\" class=\"has-inline-color has-palette-color-9-color\">S\u00c9CURISEZ VOTRE INFORMATIQUE<\/mark><\/th><th class=\"has-text-align-center\" data-align=\"center\"><mark style=\"background-color:var(--theme-palette-color-10, #262626)\" class=\"has-inline-color has-palette-color-9-color\">RENOUVELEZ VOTRE INFRASTRUCTURE<\/mark><\/th><th class=\"has-text-align-center\" data-align=\"center\"><mark style=\"background-color:var(--theme-palette-color-10, #262626)\" class=\"has-inline-color has-palette-color-9-color\">B\u00c9N\u00c9FICIEZ DE CONSEILS ET D&rsquo;EXPERTISE<\/mark><\/th><\/tr><\/thead><tbody><tr><td class=\"has-text-align-center\" data-align=\"center\">Fiabiliser le syst\u00e8me d\u2019information est la 1\u00e8re \u00e9tape pour une transformation num\u00e9rique r\u00e9ussie.<\/td><td class=\"has-text-align-center\" data-align=\"center\">Votre syst\u00e8me informatique est au c\u0153ur du bon fonctionnement de votre entreprise.<\/td><td class=\"has-text-align-center\" data-align=\"center\">Un projet de renouvellement de votre infrastructure informatique est avant tout un investissement .<\/td><td class=\"has-text-align-center\" data-align=\"center\">D\u00e9velopper une relation de confiance<br>avec votre partenaire informatique<br>est une priorit\u00e9.<\/td><\/tr><\/tbody><\/table><\/figure>\n","protected":false},"excerpt":{"rendered":"<p>Le partenaire informatique qui a la solution Nous vous accompagnons dans tous vos projets d\u2019\u00e9volution de votre syst\u00e8me d\u2019information :&nbsp;infog\u00e9rance, h\u00e9bergement, cloud computing, s\u00e9curit\u00e9, audit informatique, infrastructure syst\u00e8mes, supervision, assistance technique, t\u00e9l\u00e9maintenance et formations. De la TPME aux Grands Comptes notre \u00e9quipe accompagne&nbsp;ces organisations, au quotidien sur les th\u00e8mes suviants : Solutions IT, Cybers\u00e9curit\u00e9 et [&hellip;]<\/p>\n","protected":false},"author":1,"featured_media":0,"parent":0,"menu_order":0,"comment_status":"closed","ping_status":"closed","template":"","meta":{"footnotes":""},"class_list":["post-732","page","type-page","status-publish","hentry"],"blocksy_meta":[],"_links":{"self":[{"href":"https:\/\/www.greennovit.fr\/index.php\/wp-json\/wp\/v2\/pages\/732","targetHints":{"allow":["GET"]}}],"collection":[{"href":"https:\/\/www.greennovit.fr\/index.php\/wp-json\/wp\/v2\/pages"}],"about":[{"href":"https:\/\/www.greennovit.fr\/index.php\/wp-json\/wp\/v2\/types\/page"}],"author":[{"embeddable":true,"href":"https:\/\/www.greennovit.fr\/index.php\/wp-json\/wp\/v2\/users\/1"}],"replies":[{"embeddable":true,"href":"https:\/\/www.greennovit.fr\/index.php\/wp-json\/wp\/v2\/comments?post=732"}],"version-history":[{"count":1,"href":"https:\/\/www.greennovit.fr\/index.php\/wp-json\/wp\/v2\/pages\/732\/revisions"}],"predecessor-version":[{"id":734,"href":"https:\/\/www.greennovit.fr\/index.php\/wp-json\/wp\/v2\/pages\/732\/revisions\/734"}],"wp:attachment":[{"href":"https:\/\/www.greennovit.fr\/index.php\/wp-json\/wp\/v2\/media?parent=732"}],"curies":[{"name":"wp","href":"https:\/\/api.w.org\/{rel}","templated":true}]}}