{"id":788,"date":"2026-02-04T17:28:52","date_gmt":"2026-02-04T16:28:52","guid":{"rendered":"https:\/\/www.greennovit.fr\/?page_id=788"},"modified":"2026-02-04T22:00:04","modified_gmt":"2026-02-04T21:00:04","slug":"cyberbud-by-greennov-it","status":"publish","type":"page","link":"https:\/\/www.greennovit.fr\/index.php\/cyberbud-by-greennov-it\/","title":{"rendered":"CyberBud by Greennov-IT"},"content":{"rendered":"\n<h2 class=\"wp-block-heading has-palette-color-6-color has-text-color has-link-color wp-elements-ceb92a6f95ba368324a9e4d2d3dc2a6a\">Plateforme CyberBud \u2013 Sensibilisation et \u00e9valuation de la s\u00e9curit\u00e9 num\u00e9rique<\/h2>\n\n\n\n<p class=\"has-palette-color-6-color has-text-color has-link-color wp-elements-82095739bf1f9b7001a27a0319065120\">Elle permet d\u2019\u00e9valuer le niveau de vigilance num\u00e9rique des utilisateurs et de mesurer l\u2019application des bonnes pratiques en cybers\u00e9curit\u00e9 : protection des comptes, s\u00e9curit\u00e9 des appareils, comportements en ligne et gestion des risques courants.<\/p>\n\n\n\n<p class=\"has-palette-color-6-color has-text-color has-link-color wp-elements-98f97835e2e60b8a12c837b43519395d\">La plateforme couvre \u00e0 la fois les usages personnels et les usages professionnels via deux environnements distincts, afin de garantir une \u00e9valuation plus pr\u00e9cise, contextualis\u00e9e et exploitable, aussi bien pour les particuliers que pour les organisations, \u00e9quipes IT et d\u00e9marches de conformit\u00e9.<\/p>\n\n\n\n<p class=\"has-palette-color-6-color has-text-color has-link-color wp-elements-944d8a8a657c74d7a148046503da5d4b\">Les r\u00e9sultats fournissent des indicateurs de progression, facilitent la mont\u00e9e en comp\u00e9tence et peuvent servir de support aux actions de sensibilisation, de pilotage s\u00e9curit\u00e9 et de suivi des risques utilisateurs.<\/p>\n\n\n\n<p class=\"has-palette-color-7-color has-text-color has-link-color wp-elements-455dd882525ac522dba2b7c3052b1954\">Les questionnaires sont revus et peuvent \u00eatre ajust\u00e9s une \u00e0 deux fois par an afin de rester align\u00e9s avec l\u2019\u00e9volution des menaces, des pratiques et des r\u00e9f\u00e9rentiels de s\u00e9curit\u00e9.<\/p>\n\n\n\n<div class=\"wp-block-buttons is-content-justification-center is-layout-flex wp-container-core-buttons-is-layout-a89b3969 wp-block-buttons-is-layout-flex\">\n<div class=\"wp-block-button is-style-outline is-style-outline--1\"><a class=\"wp-block-button__link has-palette-color-7-color has-text-color has-background has-link-color has-medium-font-size has-text-align-center has-custom-font-size wp-element-button\" href=\"https:\/\/cyberbud.greennovit.fr\/\" style=\"border-top-left-radius:100px;border-top-right-radius:100px;border-bottom-left-radius:100px;border-bottom-right-radius:100px;background:radial-gradient(rgb(71,59,123) 0%,rgb(53,132,167) 47%,rgb(48,210,190) 100%);padding-right:var(--wp--preset--spacing--50);padding-left:var(--wp--preset--spacing--50)\">Acc\u00e9dez \u00e0 la plateforme <\/a><\/div>\n<\/div>\n\n\n\n<p><\/p>\n","protected":false},"excerpt":{"rendered":"<p>Plateforme CyberBud \u2013 Sensibilisation et \u00e9valuation de la s\u00e9curit\u00e9 num\u00e9rique Elle permet d\u2019\u00e9valuer le niveau de vigilance num\u00e9rique des utilisateurs et de mesurer l\u2019application des bonnes pratiques en cybers\u00e9curit\u00e9 : protection des comptes, s\u00e9curit\u00e9 des appareils, comportements en ligne et gestion des risques courants. La plateforme couvre \u00e0 la fois les usages personnels et les [&hellip;]<\/p>\n","protected":false},"author":1,"featured_media":0,"parent":0,"menu_order":0,"comment_status":"closed","ping_status":"closed","template":"","meta":{"footnotes":""},"class_list":["post-788","page","type-page","status-publish","hentry"],"blocksy_meta":[],"_links":{"self":[{"href":"https:\/\/www.greennovit.fr\/index.php\/wp-json\/wp\/v2\/pages\/788","targetHints":{"allow":["GET"]}}],"collection":[{"href":"https:\/\/www.greennovit.fr\/index.php\/wp-json\/wp\/v2\/pages"}],"about":[{"href":"https:\/\/www.greennovit.fr\/index.php\/wp-json\/wp\/v2\/types\/page"}],"author":[{"embeddable":true,"href":"https:\/\/www.greennovit.fr\/index.php\/wp-json\/wp\/v2\/users\/1"}],"replies":[{"embeddable":true,"href":"https:\/\/www.greennovit.fr\/index.php\/wp-json\/wp\/v2\/comments?post=788"}],"version-history":[{"count":7,"href":"https:\/\/www.greennovit.fr\/index.php\/wp-json\/wp\/v2\/pages\/788\/revisions"}],"predecessor-version":[{"id":801,"href":"https:\/\/www.greennovit.fr\/index.php\/wp-json\/wp\/v2\/pages\/788\/revisions\/801"}],"wp:attachment":[{"href":"https:\/\/www.greennovit.fr\/index.php\/wp-json\/wp\/v2\/media?parent=788"}],"curies":[{"name":"wp","href":"https:\/\/api.w.org\/{rel}","templated":true}]}}